{"id":42200,"date":"2025-06-19T14:57:10","date_gmt":"2025-06-19T19:57:10","guid":{"rendered":"https:\/\/balaw.optimizeddevelopment.net\/the-firm\/"},"modified":"2025-10-27T23:05:23","modified_gmt":"2025-10-28T04:05:23","slug":"el-bufete","status":"publish","type":"page","link":"https:\/\/ba-lawfirm.com\/es\/el-bufete\/","title":{"rendered":"El bufete"},"content":{"rendered":"\t\t<div data-elementor-type=\"wp-page\" data-elementor-id=\"42200\" class=\"elementor elementor-42200 elementor-309\" data-elementor-post-type=\"page\">\n\t\t\t\t<div class=\"elementor-element elementor-element-57c8826 e-flex e-con-boxed e-con e-parent\" data-id=\"57c8826\" data-element_type=\"container\">\n\t\t\t\t\t<div class=\"e-con-inner\">\n\t\t<div class=\"elementor-element elementor-element-e02df9e e-con-full e-flex e-con e-child\" data-id=\"e02df9e\" data-element_type=\"container\" data-settings=\"{&quot;background_background&quot;:&quot;classic&quot;}\">\n\t\t\t\t<div class=\"elementor-element elementor-element-743d661 elementor-widget elementor-widget-heading\" data-id=\"743d661\" data-element_type=\"widget\" data-widget_type=\"heading.default\">\n\t\t\t\t<div class=\"elementor-widget-container\">\n\t\t\t\t\t<h1 class=\"elementor-heading-title elementor-size-default\">El Bufete\n<\/h1>\t\t\t\t<\/div>\n\t\t\t\t<\/div>\n\t\t\t\t<div class=\"elementor-element elementor-element-5709171 elementor-widget elementor-widget-text-editor\" data-id=\"5709171\" data-element_type=\"widget\" data-widget_type=\"text-editor.default\">\n\t\t\t\t<div class=\"elementor-widget-container\">\n\t\t\t\t\t\t\t\t\t<p>Sabemos lo dif\u00edciles que pueden ser estos pasos en la vida: inmigrar, emprender un negocio, establecerse en un nuevo pa\u00eds. Nuestro objetivo es simplificar el proceso brind\u00e1ndole asesoramiento legal claro y confiable en cada paso.<\/p><p>Para ayudarle a comenzar, ofrecemos una consulta gratuita de 30 minutos. Simplemente haga clic en el bot\u00f3n para programar la suya.<\/p>\t\t\t\t\t\t\t\t<\/div>\n\t\t\t\t<\/div>\n\t\t\t\t<div class=\"elementor-element elementor-element-a0c2a33 elementor-align-left elementor-widget elementor-widget-button\" data-id=\"a0c2a33\" data-element_type=\"widget\" data-widget_type=\"button.default\">\n\t\t\t\t<div class=\"elementor-widget-container\">\n\t\t\t\t\t\t\t\t\t<div class=\"elementor-button-wrapper\">\n\t\t\t\t\t<a class=\"elementor-button elementor-button-link elementor-size-sm\" href=\"https:\/\/ba-lawfirm.com\/es\/clientes-funnel\/\">\n\t\t\t\t\t\t<span class=\"elementor-button-content-wrapper\">\n\t\t\t\t\t\t<span class=\"elementor-button-icon\">\n\t\t\t\t<svg aria-hidden=\"true\" class=\"e-font-icon-svg e-fas-chevron-right\" viewBox=\"0 0 320 512\" xmlns=\"http:\/\/www.w3.org\/2000\/svg\"><path d=\"M285.476 272.971L91.132 467.314c-9.373 9.373-24.569 9.373-33.941 0l-22.667-22.667c-9.357-9.357-9.375-24.522-.04-33.901L188.505 256 34.484 101.255c-9.335-9.379-9.317-24.544.04-33.901l22.667-22.667c9.373-9.373 24.569-9.373 33.941 0L285.475 239.03c9.373 9.372 9.373 24.568.001 33.941z\"><\/path><\/svg>\t\t\t<\/span>\n\t\t\t\t\t\t\t\t\t<span class=\"elementor-button-text\"> Agenda una cita gratuita de 30 minutos<\/span>\n\t\t\t\t\t<\/span>\n\t\t\t\t\t<\/a>\n\t\t\t\t<\/div>\n\t\t\t\t\t\t\t\t<\/div>\n\t\t\t\t<\/div>\n\t\t\t\t<\/div>\n\t\t<div class=\"elementor-element elementor-element-9b72e97 e-con-full e-flex e-con e-child\" data-id=\"9b72e97\" data-element_type=\"container\">\n\t\t\t\t<div class=\"elementor-element elementor-element-68ea3da elementor-widget elementor-widget-image\" data-id=\"68ea3da\" data-element_type=\"widget\" data-widget_type=\"image.default\">\n\t\t\t\t<div class=\"elementor-widget-container\">\n\t\t\t\t\t\t\t\t\t\t\t\t\t\t\t<img fetchpriority=\"high\" decoding=\"async\" width=\"600\" height=\"400\" src=\"https:\/\/ba-lawfirm.com\/wp-content\/uploads\/2025\/06\/the_firm.webp\" class=\"attachment-large size-large wp-image-316\" alt=\"\" srcset=\"https:\/\/ba-lawfirm.com\/wp-content\/uploads\/2025\/06\/the_firm.webp 600w, https:\/\/ba-lawfirm.com\/wp-content\/uploads\/2025\/06\/the_firm-300x200.webp 300w\" sizes=\"(max-width: 600px) 100vw, 600px\" \/>\t\t\t\t\t\t\t\t\t\t\t\t\t\t\t<\/div>\n\t\t\t\t<\/div>\n\t\t\t\t<\/div>\n\t\t\t\t\t<\/div>\n\t\t\t\t<\/div>\n\t\t<div class=\"elementor-element elementor-element-3b07da0 e-flex e-con-boxed e-con e-parent\" data-id=\"3b07da0\" data-element_type=\"container\">\n\t\t\t\t\t<div class=\"e-con-inner\">\n\t\t\t\t<div class=\"elementor-element elementor-element-78f11ab elementor-widget elementor-widget-heading\" data-id=\"78f11ab\" data-element_type=\"widget\" data-widget_type=\"heading.default\">\n\t\t\t\t<div class=\"elementor-widget-container\">\n\t\t\t\t\t<h2 class=\"elementor-heading-title elementor-size-default\">Nuestro Equipo<\/h2>\t\t\t\t<\/div>\n\t\t\t\t<\/div>\n\t\t\t\t<div class=\"elementor-element elementor-element-b3a7bdd elementor-widget elementor-widget-heading\" data-id=\"b3a7bdd\" data-element_type=\"widget\" data-widget_type=\"heading.default\">\n\t\t\t\t<div class=\"elementor-widget-container\">\n\t\t\t\t\t<h3 class=\"elementor-heading-title elementor-size-default\">Departamento de Administraci\u00f3n de Empresas<\/h3>\t\t\t\t<\/div>\n\t\t\t\t<\/div>\n\t\t\t\t\t<\/div>\n\t\t\t\t<\/div>\n\t\t<div class=\"elementor-element elementor-element-18807b7 e-flex e-con-boxed e-con e-parent\" data-id=\"18807b7\" data-element_type=\"container\" data-settings=\"{&quot;background_background&quot;:&quot;classic&quot;}\">\n\t\t\t\t\t<div class=\"e-con-inner\">\n\t\t<div class=\"elementor-element elementor-element-04687fe e-con-full e-flex e-con e-child\" data-id=\"04687fe\" data-element_type=\"container\">\n\t\t\t\t<div class=\"elementor-element elementor-element-0584325 elementor-widget elementor-widget-image\" data-id=\"0584325\" data-element_type=\"widget\" data-widget_type=\"image.default\">\n\t\t\t\t<div class=\"elementor-widget-container\">\n\t\t\t\t\t\t\t\t\t\t\t\t\t\t\t<img decoding=\"async\" width=\"800\" height=\"800\" src=\"https:\/\/ba-lawfirm.com\/wp-content\/uploads\/2025\/06\/Eliodora-Alvarez-E.webp\" class=\"attachment-large size-large wp-image-338\" alt=\"\" srcset=\"https:\/\/ba-lawfirm.com\/wp-content\/uploads\/2025\/06\/Eliodora-Alvarez-E.webp 800w, https:\/\/ba-lawfirm.com\/wp-content\/uploads\/2025\/06\/Eliodora-Alvarez-E-300x300.webp 300w, https:\/\/ba-lawfirm.com\/wp-content\/uploads\/2025\/06\/Eliodora-Alvarez-E-150x150.webp 150w, https:\/\/ba-lawfirm.com\/wp-content\/uploads\/2025\/06\/Eliodora-Alvarez-E-768x768.webp 768w\" sizes=\"(max-width: 800px) 100vw, 800px\" \/>\t\t\t\t\t\t\t\t\t\t\t\t\t\t\t<\/div>\n\t\t\t\t<\/div>\n\t\t\t\t<\/div>\n\t\t<div class=\"elementor-element elementor-element-26e1c72 e-con-full e-flex e-con e-child\" data-id=\"26e1c72\" data-element_type=\"container\">\n\t\t\t\t<div class=\"elementor-element elementor-element-dd2748c elementor-widget elementor-widget-heading\" data-id=\"dd2748c\" data-element_type=\"widget\" data-widget_type=\"heading.default\">\n\t\t\t\t<div class=\"elementor-widget-container\">\n\t\t\t\t\t<h3 class=\"elementor-heading-title elementor-size-default\">Eliodora Alvarez E.<\/h3>\t\t\t\t<\/div>\n\t\t\t\t<\/div>\n\t\t\t\t<div class=\"elementor-element elementor-element-ba460e4 elementor-widget elementor-widget-text-editor\" data-id=\"ba460e4\" data-element_type=\"widget\" data-widget_type=\"text-editor.default\">\n\t\t\t\t<div class=\"elementor-widget-container\">\n\t\t\t\t\t\t\t\t\t<p><strong>Socia y Abogada de Inmigraci\u00f3n | 2017<\/strong><\/p><p>Abogada con experiencia en derecho migratorio, se ha desempe\u00f1ado con orgullo como socia de B&amp;A Law Firm desde 2017. Licenciada en Derecho desde 2016, ayuda y orienta a personas y empresas a navegar las complejidades de las leyes de inmigraci\u00f3n en Panam\u00e1, con especial atenci\u00f3n a las solicitudes de residencia.<\/p>\t\t\t\t\t\t\t\t<\/div>\n\t\t\t\t<\/div>\n\t\t\t\t<\/div>\n\t\t\t\t\t<\/div>\n\t\t\t\t<\/div>\n\t\t<div class=\"elementor-element elementor-element-bbfe1d0 e-flex e-con-boxed e-con e-parent\" data-id=\"bbfe1d0\" data-element_type=\"container\" data-settings=\"{&quot;background_background&quot;:&quot;classic&quot;}\">\n\t\t\t\t\t<div class=\"e-con-inner\">\n\t\t<div class=\"elementor-element elementor-element-ebabaa1 e-con-full e-flex e-con e-child\" data-id=\"ebabaa1\" data-element_type=\"container\">\n\t\t\t\t<div class=\"elementor-element elementor-element-c357103 elementor-widget elementor-widget-image\" data-id=\"c357103\" data-element_type=\"widget\" data-widget_type=\"image.default\">\n\t\t\t\t<div class=\"elementor-widget-container\">\n\t\t\t\t\t\t\t\t\t\t\t\t\t\t\t<img decoding=\"async\" width=\"800\" height=\"800\" src=\"https:\/\/ba-lawfirm.com\/wp-content\/uploads\/2025\/06\/Claritza-Gonzalez.webp\" class=\"attachment-large size-large wp-image-340\" alt=\"\" srcset=\"https:\/\/ba-lawfirm.com\/wp-content\/uploads\/2025\/06\/Claritza-Gonzalez.webp 800w, https:\/\/ba-lawfirm.com\/wp-content\/uploads\/2025\/06\/Claritza-Gonzalez-300x300.webp 300w, https:\/\/ba-lawfirm.com\/wp-content\/uploads\/2025\/06\/Claritza-Gonzalez-150x150.webp 150w, https:\/\/ba-lawfirm.com\/wp-content\/uploads\/2025\/06\/Claritza-Gonzalez-768x768.webp 768w\" sizes=\"(max-width: 800px) 100vw, 800px\" \/>\t\t\t\t\t\t\t\t\t\t\t\t\t\t\t<\/div>\n\t\t\t\t<\/div>\n\t\t\t\t<\/div>\n\t\t<div class=\"elementor-element elementor-element-42961ab e-con-full e-flex e-con e-child\" data-id=\"42961ab\" data-element_type=\"container\">\n\t\t\t\t<div class=\"elementor-element elementor-element-dc4cb0a elementor-widget elementor-widget-heading\" data-id=\"dc4cb0a\" data-element_type=\"widget\" data-widget_type=\"heading.default\">\n\t\t\t\t<div class=\"elementor-widget-container\">\n\t\t\t\t\t<h3 class=\"elementor-heading-title elementor-size-default\">Claritza Gonz\u00e1lez<\/h3>\t\t\t\t<\/div>\n\t\t\t\t<\/div>\n\t\t\t\t<div class=\"elementor-element elementor-element-f60b213 elementor-widget elementor-widget-text-editor\" data-id=\"f60b213\" data-element_type=\"widget\" data-widget_type=\"text-editor.default\">\n\t\t\t\t<div class=\"elementor-widget-container\">\n\t\t\t\t\t\t\t\t\t<p><strong>Asistente Legal de Gesti\u00f3n | 2020<\/strong><\/p><p>Asistente Legal de Gesti\u00f3n que presta atenci\u00f3n al detalle y un fuerte compromiso con la excelencia en cada caso que apoya. Actualmente cursa sus estudios de Derecho.\u00a0<\/p>\t\t\t\t\t\t\t\t<\/div>\n\t\t\t\t<\/div>\n\t\t\t\t<\/div>\n\t\t\t\t\t<\/div>\n\t\t\t\t<\/div>\n\t\t<div class=\"elementor-element elementor-element-fdb8d1c e-flex e-con-boxed e-con e-parent\" data-id=\"fdb8d1c\" data-element_type=\"container\">\n\t\t\t\t\t<div class=\"e-con-inner\">\n\t\t\t\t<div class=\"elementor-element elementor-element-35f5c89 elementor-widget elementor-widget-heading\" data-id=\"35f5c89\" data-element_type=\"widget\" data-widget_type=\"heading.default\">\n\t\t\t\t<div class=\"elementor-widget-container\">\n\t\t\t\t\t<h3 class=\"elementor-heading-title elementor-size-default\">Departamento de Servicios de Inmigraci\u00f3n<\/h3>\t\t\t\t<\/div>\n\t\t\t\t<\/div>\n\t\t\t\t\t<\/div>\n\t\t\t\t<\/div>\n\t\t<div class=\"elementor-element elementor-element-f14956d e-flex e-con-boxed e-con e-parent\" data-id=\"f14956d\" data-element_type=\"container\" data-settings=\"{&quot;background_background&quot;:&quot;classic&quot;}\">\n\t\t\t\t\t<div class=\"e-con-inner\">\n\t\t<div class=\"elementor-element elementor-element-96b2449 e-con-full e-flex e-con e-child\" data-id=\"96b2449\" data-element_type=\"container\">\n\t\t\t\t<div class=\"elementor-element elementor-element-feb8997 elementor-widget elementor-widget-image\" data-id=\"feb8997\" data-element_type=\"widget\" data-widget_type=\"image.default\">\n\t\t\t\t<div class=\"elementor-widget-container\">\n\t\t\t\t\t\t\t\t\t\t\t\t\t\t\t<img loading=\"lazy\" decoding=\"async\" width=\"800\" height=\"800\" src=\"https:\/\/ba-lawfirm.com\/wp-content\/uploads\/2025\/07\/kimberlygarcia_v2.webp\" class=\"attachment-large size-large wp-image-388\" alt=\"\" srcset=\"https:\/\/ba-lawfirm.com\/wp-content\/uploads\/2025\/07\/kimberlygarcia_v2.webp 800w, https:\/\/ba-lawfirm.com\/wp-content\/uploads\/2025\/07\/kimberlygarcia_v2-300x300.webp 300w, https:\/\/ba-lawfirm.com\/wp-content\/uploads\/2025\/07\/kimberlygarcia_v2-150x150.webp 150w, https:\/\/ba-lawfirm.com\/wp-content\/uploads\/2025\/07\/kimberlygarcia_v2-768x768.webp 768w\" sizes=\"(max-width: 800px) 100vw, 800px\" \/>\t\t\t\t\t\t\t\t\t\t\t\t\t\t\t<\/div>\n\t\t\t\t<\/div>\n\t\t\t\t<\/div>\n\t\t<div class=\"elementor-element elementor-element-31e3f47 e-con-full e-flex e-con e-child\" data-id=\"31e3f47\" data-element_type=\"container\">\n\t\t\t\t<div class=\"elementor-element elementor-element-7730635 elementor-widget elementor-widget-heading\" data-id=\"7730635\" data-element_type=\"widget\" data-widget_type=\"heading.default\">\n\t\t\t\t<div class=\"elementor-widget-container\">\n\t\t\t\t\t<h3 class=\"elementor-heading-title elementor-size-default\">Kimberly A. Barcia A.<\/h3>\t\t\t\t<\/div>\n\t\t\t\t<\/div>\n\t\t\t\t<div class=\"elementor-element elementor-element-85c617e elementor-widget elementor-widget-text-editor\" data-id=\"85c617e\" data-element_type=\"widget\" data-widget_type=\"text-editor.default\">\n\t\t\t\t<div class=\"elementor-widget-container\">\n\t\t\t\t\t\t\t\t\t<p><strong>Partner &amp; Immigration Attorney | 2017<\/strong><\/p><p>Experience Immigration law attorney, proudly served as a Partner at B&amp;A Law Firm since 2017. Holding a law degree since 2016, helping and guidance individuals and businesses to navigate the complexities of immigration laws in Panama, with a particular focus on residency applications.<\/p>\t\t\t\t\t\t\t\t<\/div>\n\t\t\t\t<\/div>\n\t\t\t\t<\/div>\n\t\t\t\t\t<\/div>\n\t\t\t\t<\/div>\n\t\t<div class=\"elementor-element elementor-element-b8bef9f e-flex e-con-boxed e-con e-parent\" data-id=\"b8bef9f\" data-element_type=\"container\" data-settings=\"{&quot;background_background&quot;:&quot;classic&quot;}\">\n\t\t\t\t\t<div class=\"e-con-inner\">\n\t\t<div class=\"elementor-element elementor-element-aa4fecf e-con-full e-flex e-con e-child\" data-id=\"aa4fecf\" data-element_type=\"container\">\n\t\t\t\t<div class=\"elementor-element elementor-element-f2dde20 elementor-widget elementor-widget-image\" data-id=\"f2dde20\" data-element_type=\"widget\" data-widget_type=\"image.default\">\n\t\t\t\t<div class=\"elementor-widget-container\">\n\t\t\t\t\t\t\t\t\t\t\t\t\t\t\t<img loading=\"lazy\" decoding=\"async\" width=\"800\" height=\"800\" src=\"https:\/\/ba-lawfirm.com\/wp-content\/uploads\/2025\/06\/Johanys-Alvarez.webp\" class=\"attachment-large size-large wp-image-342\" alt=\"\" srcset=\"https:\/\/ba-lawfirm.com\/wp-content\/uploads\/2025\/06\/Johanys-Alvarez.webp 800w, https:\/\/ba-lawfirm.com\/wp-content\/uploads\/2025\/06\/Johanys-Alvarez-300x300.webp 300w, https:\/\/ba-lawfirm.com\/wp-content\/uploads\/2025\/06\/Johanys-Alvarez-150x150.webp 150w, https:\/\/ba-lawfirm.com\/wp-content\/uploads\/2025\/06\/Johanys-Alvarez-768x768.webp 768w\" sizes=\"(max-width: 800px) 100vw, 800px\" \/>\t\t\t\t\t\t\t\t\t\t\t\t\t\t\t<\/div>\n\t\t\t\t<\/div>\n\t\t\t\t<\/div>\n\t\t<div class=\"elementor-element elementor-element-c832536 e-con-full e-flex e-con e-child\" data-id=\"c832536\" data-element_type=\"container\">\n\t\t\t\t<div class=\"elementor-element elementor-element-e0ca06c elementor-widget elementor-widget-heading\" data-id=\"e0ca06c\" data-element_type=\"widget\" data-widget_type=\"heading.default\">\n\t\t\t\t<div class=\"elementor-widget-container\">\n\t\t\t\t\t<h3 class=\"elementor-heading-title elementor-size-default\">Johanys N. Alvarez<\/h3>\t\t\t\t<\/div>\n\t\t\t\t<\/div>\n\t\t\t\t<div class=\"elementor-element elementor-element-e510271 elementor-widget elementor-widget-text-editor\" data-id=\"e510271\" data-element_type=\"widget\" data-widget_type=\"text-editor.default\">\n\t\t\t\t<div class=\"elementor-widget-container\">\n\t\t\t\t\t\t\t\t\t<p><strong>Asistente Legal de Inmigraci\u00f3n | 2023<\/strong><\/p><p>Con un t\u00edtulo personalizado desde 2022, especializado en trabajo legal y administrativo, Johanys aporta un enfoque pr\u00e1ctico y organizado para apoyar a nuestro equipo y ayudar a los clientes d\u00eda a d\u00eda.<\/p>\t\t\t\t\t\t\t\t<\/div>\n\t\t\t\t<\/div>\n\t\t\t\t<\/div>\n\t\t\t\t\t<\/div>\n\t\t\t\t<\/div>\n\t\t<div class=\"elementor-element elementor-element-5676cf6 e-flex e-con-boxed e-con e-parent\" data-id=\"5676cf6\" data-element_type=\"container\">\n\t\t\t\t\t<div class=\"e-con-inner\">\n\t\t\t\t<div class=\"elementor-element elementor-element-0f2a369 elementor-widget elementor-widget-heading\" data-id=\"0f2a369\" data-element_type=\"widget\" data-widget_type=\"heading.default\">\n\t\t\t\t<div class=\"elementor-widget-container\">\n\t\t\t\t\t<h3 class=\"elementor-heading-title elementor-size-default\">Departamento de Contabilidad y Finanzas<\/h3>\t\t\t\t<\/div>\n\t\t\t\t<\/div>\n\t\t\t\t\t<\/div>\n\t\t\t\t<\/div>\n\t\t<div class=\"elementor-element elementor-element-109ad5d e-flex e-con-boxed e-con e-parent\" data-id=\"109ad5d\" data-element_type=\"container\" data-settings=\"{&quot;background_background&quot;:&quot;classic&quot;}\">\n\t\t\t\t\t<div class=\"e-con-inner\">\n\t\t<div class=\"elementor-element elementor-element-c665a90 e-con-full e-flex e-con e-child\" data-id=\"c665a90\" data-element_type=\"container\">\n\t\t\t\t<div class=\"elementor-element elementor-element-6a19aa0 elementor-widget elementor-widget-image\" data-id=\"6a19aa0\" data-element_type=\"widget\" data-widget_type=\"image.default\">\n\t\t\t\t<div class=\"elementor-widget-container\">\n\t\t\t\t\t\t\t\t\t\t\t\t\t\t\t<img loading=\"lazy\" decoding=\"async\" width=\"800\" height=\"800\" src=\"https:\/\/ba-lawfirm.com\/wp-content\/uploads\/2025\/06\/Jose-E-Rios.webp\" class=\"attachment-large size-large wp-image-348\" alt=\"\" srcset=\"https:\/\/ba-lawfirm.com\/wp-content\/uploads\/2025\/06\/Jose-E-Rios.webp 800w, https:\/\/ba-lawfirm.com\/wp-content\/uploads\/2025\/06\/Jose-E-Rios-300x300.webp 300w, https:\/\/ba-lawfirm.com\/wp-content\/uploads\/2025\/06\/Jose-E-Rios-150x150.webp 150w, https:\/\/ba-lawfirm.com\/wp-content\/uploads\/2025\/06\/Jose-E-Rios-768x768.webp 768w\" sizes=\"(max-width: 800px) 100vw, 800px\" \/>\t\t\t\t\t\t\t\t\t\t\t\t\t\t\t<\/div>\n\t\t\t\t<\/div>\n\t\t\t\t<\/div>\n\t\t<div class=\"elementor-element elementor-element-2b1e631 e-con-full e-flex e-con e-child\" data-id=\"2b1e631\" data-element_type=\"container\">\n\t\t\t\t<div class=\"elementor-element elementor-element-c33e255 elementor-widget elementor-widget-heading\" data-id=\"c33e255\" data-element_type=\"widget\" data-widget_type=\"heading.default\">\n\t\t\t\t<div class=\"elementor-widget-container\">\n\t\t\t\t\t<h3 class=\"elementor-heading-title elementor-size-default\">Jose E. R\u00edos<\/h3>\t\t\t\t<\/div>\n\t\t\t\t<\/div>\n\t\t\t\t<div class=\"elementor-element elementor-element-0d458b0 elementor-widget elementor-widget-text-editor\" data-id=\"0d458b0\" data-element_type=\"widget\" data-widget_type=\"text-editor.default\">\n\t\t\t\t<div class=\"elementor-widget-container\">\n\t\t\t\t\t\t\t\t\t<p><strong>Contador P\u00fablico Autorizado | 2017<\/strong><\/p><p>Contador P\u00fablico Certificado (CPA) desde 2014, aporta precisi\u00f3n, experiencia y un profundo conocimiento de los impuestos en Panam\u00e1. Ya sea que est\u00e9 comenzando o expandiendo su empresa, \u00e9l est\u00e1 aqu\u00ed para que los n\u00fameros trabajen para usted.<\/p>\t\t\t\t\t\t\t\t<\/div>\n\t\t\t\t<\/div>\n\t\t\t\t<\/div>\n\t\t\t\t\t<\/div>\n\t\t\t\t<\/div>\n\t\t<div class=\"elementor-element elementor-element-0718841 e-flex e-con-boxed e-con e-parent\" data-id=\"0718841\" data-element_type=\"container\" data-settings=\"{&quot;background_background&quot;:&quot;classic&quot;}\">\n\t\t\t\t\t<div class=\"e-con-inner\">\n\t\t<div class=\"elementor-element elementor-element-67fe4cb e-con-full e-flex e-con e-child\" data-id=\"67fe4cb\" data-element_type=\"container\">\n\t\t\t\t<div class=\"elementor-element elementor-element-90d0636 elementor-widget elementor-widget-image\" data-id=\"90d0636\" data-element_type=\"widget\" data-widget_type=\"image.default\">\n\t\t\t\t<div class=\"elementor-widget-container\">\n\t\t\t\t\t\t\t\t\t\t\t\t\t\t\t<img loading=\"lazy\" decoding=\"async\" width=\"800\" height=\"800\" src=\"https:\/\/ba-lawfirm.com\/wp-content\/uploads\/2025\/06\/Sonia-Alvarez.webp\" class=\"attachment-large size-large wp-image-346\" alt=\"\" srcset=\"https:\/\/ba-lawfirm.com\/wp-content\/uploads\/2025\/06\/Sonia-Alvarez.webp 800w, https:\/\/ba-lawfirm.com\/wp-content\/uploads\/2025\/06\/Sonia-Alvarez-300x300.webp 300w, https:\/\/ba-lawfirm.com\/wp-content\/uploads\/2025\/06\/Sonia-Alvarez-150x150.webp 150w, https:\/\/ba-lawfirm.com\/wp-content\/uploads\/2025\/06\/Sonia-Alvarez-768x768.webp 768w\" sizes=\"(max-width: 800px) 100vw, 800px\" \/>\t\t\t\t\t\t\t\t\t\t\t\t\t\t\t<\/div>\n\t\t\t\t<\/div>\n\t\t\t\t<\/div>\n\t\t<div class=\"elementor-element elementor-element-ca63193 e-con-full e-flex e-con e-child\" data-id=\"ca63193\" data-element_type=\"container\">\n\t\t\t\t<div class=\"elementor-element elementor-element-a5b5256 elementor-widget elementor-widget-heading\" data-id=\"a5b5256\" data-element_type=\"widget\" data-widget_type=\"heading.default\">\n\t\t\t\t<div class=\"elementor-widget-container\">\n\t\t\t\t\t<h3 class=\"elementor-heading-title elementor-size-default\">Sonia Alvarez<\/h3>\t\t\t\t<\/div>\n\t\t\t\t<\/div>\n\t\t\t\t<div class=\"elementor-element elementor-element-7cfe599 elementor-widget elementor-widget-text-editor\" data-id=\"7cfe599\" data-element_type=\"widget\" data-widget_type=\"text-editor.default\">\n\t\t\t\t<div class=\"elementor-widget-container\">\n\t\t\t\t\t\t\t\t\t<p><strong>Banca y Finanzas | 2023<\/strong><\/p><p>Desde el a\u00f1o 2000, con experiencia en banca y finanzas, aporta un s\u00f3lido conocimiento de sistemas financieros, gesti\u00f3n de riesgos y planificaci\u00f3n estrat\u00e9gica. Organizado, confiable y siempre dispuesto a ayudar.<\/p>\t\t\t\t\t\t\t\t<\/div>\n\t\t\t\t<\/div>\n\t\t\t\t<\/div>\n\t\t\t\t\t<\/div>\n\t\t\t\t<\/div>\n\t\t<div class=\"elementor-element elementor-element-d3a29bc e-flex e-con-boxed e-con e-parent\" data-id=\"d3a29bc\" data-element_type=\"container\" data-settings=\"{&quot;background_background&quot;:&quot;classic&quot;}\">\n\t\t\t\t\t<div class=\"e-con-inner\">\n\t\t<div class=\"elementor-element elementor-element-33a7192 e-con-full e-flex e-con e-child\" data-id=\"33a7192\" data-element_type=\"container\">\n\t\t\t\t<div class=\"elementor-element elementor-element-64170b2 elementor-widget elementor-widget-image\" data-id=\"64170b2\" data-element_type=\"widget\" data-widget_type=\"image.default\">\n\t\t\t\t<div class=\"elementor-widget-container\">\n\t\t\t\t\t\t\t\t\t\t\t\t\t\t\t<img loading=\"lazy\" decoding=\"async\" width=\"800\" height=\"800\" src=\"https:\/\/ba-lawfirm.com\/wp-content\/uploads\/2025\/06\/Jose-C-Rios.webp\" class=\"attachment-large size-large wp-image-350\" alt=\"\" srcset=\"https:\/\/ba-lawfirm.com\/wp-content\/uploads\/2025\/06\/Jose-C-Rios.webp 800w, https:\/\/ba-lawfirm.com\/wp-content\/uploads\/2025\/06\/Jose-C-Rios-300x300.webp 300w, https:\/\/ba-lawfirm.com\/wp-content\/uploads\/2025\/06\/Jose-C-Rios-150x150.webp 150w, https:\/\/ba-lawfirm.com\/wp-content\/uploads\/2025\/06\/Jose-C-Rios-768x768.webp 768w\" sizes=\"(max-width: 800px) 100vw, 800px\" \/>\t\t\t\t\t\t\t\t\t\t\t\t\t\t\t<\/div>\n\t\t\t\t<\/div>\n\t\t\t\t<\/div>\n\t\t<div class=\"elementor-element elementor-element-86e0c25 e-con-full e-flex e-con e-child\" data-id=\"86e0c25\" data-element_type=\"container\">\n\t\t\t\t<div class=\"elementor-element elementor-element-2f897f1 elementor-widget elementor-widget-heading\" data-id=\"2f897f1\" data-element_type=\"widget\" data-widget_type=\"heading.default\">\n\t\t\t\t<div class=\"elementor-widget-container\">\n\t\t\t\t\t<h3 class=\"elementor-heading-title elementor-size-default\">Jose C. R\u00edos<\/h3>\t\t\t\t<\/div>\n\t\t\t\t<\/div>\n\t\t\t\t<div class=\"elementor-element elementor-element-d8c65b4 elementor-widget elementor-widget-text-editor\" data-id=\"d8c65b4\" data-element_type=\"widget\" data-widget_type=\"text-editor.default\">\n\t\t\t\t<div class=\"elementor-widget-container\">\n\t\t\t\t\t\t\t\t\t<p><strong>Administraci\u00f3n de Empresas | 2017<\/strong><\/p><p>Con experiencia en Administraci\u00f3n de Empresas, Jos\u00e9 aporta s\u00f3lidas habilidades organizativas, atenci\u00f3n al detalle y un enfoque centrado en el cliente.<\/p>\t\t\t\t\t\t\t\t<\/div>\n\t\t\t\t<\/div>\n\t\t\t\t<\/div>\n\t\t\t\t\t<\/div>\n\t\t\t\t<\/div>\n\t\t<div class=\"elementor-element elementor-element-6fedb78 e-flex e-con-boxed e-con e-parent\" data-id=\"6fedb78\" data-element_type=\"container\">\n\t\t\t\t\t<div class=\"e-con-inner\">\n\t\t\t\t<div class=\"elementor-element elementor-element-4419222 elementor-widget elementor-widget-heading\" data-id=\"4419222\" data-element_type=\"widget\" data-widget_type=\"heading.default\">\n\t\t\t\t<div class=\"elementor-widget-container\">\n\t\t\t\t\t<h2 class=\"elementor-heading-title elementor-size-default\">Misi\u00f3n<\/h2>\t\t\t\t<\/div>\n\t\t\t\t<\/div>\n\t\t\t\t<div class=\"elementor-element elementor-element-20c8911 elementor-widget elementor-widget-text-editor\" data-id=\"20c8911\" data-element_type=\"widget\" data-widget_type=\"text-editor.default\">\n\t\t\t\t<div class=\"elementor-widget-container\">\n\t\t\t\t\t\t\t\t\t<div class=\"wpb_column vc_column_container vc_col-sm-6 vc_col-lg-6 vc_col-md-6 vc_col-xs-12\"><div class=\"vc_column-inner \"><div class=\"wpb_wrapper\"><div class=\"wpb_text_column wpb_content_element \"><div class=\"wpb_wrapper\"><p>Nuestro objetivo es brindar un servicio de calidad, adem\u00e1s de brindar asistencia profesional y personalizada a nuestros clientes, de acuerdo con las exigencias del mercado actual.<\/p><p>Nuestros clientes est\u00e1n bien representados por un equipo profesional calificado en diferentes ramas del derecho. Reconocidos por nuestra seriedad, eficiencia y respeto por la privacidad de nuestros clientes.<\/p><\/div><\/div><\/div><\/div><\/div>\t\t\t\t\t\t\t\t<\/div>\n\t\t\t\t<\/div>\n\t\t\t\t\t<\/div>\n\t\t\t\t<\/div>\n\t\t\t\t<\/div>\n\t\t","protected":false},"excerpt":{"rendered":"<p>El Bufete Sabemos lo dif\u00edciles que pueden ser estos pasos en la vida: inmigrar, emprender un negocio, establecerse en un nuevo pa\u00eds. Nuestro objetivo es simplificar el proceso brind\u00e1ndole asesoramiento legal claro y confiable en cada paso. Para ayudarle a comenzar, ofrecemos una consulta gratuita de 30 minutos. Simplemente haga clic en el bot\u00f3n para [&hellip;]<\/p>\n","protected":false},"author":1,"featured_media":0,"parent":0,"menu_order":0,"comment_status":"closed","ping_status":"closed","template":"","meta":{"footnotes":""},"class_list":["post-42200","page","type-page","status-publish","hentry"],"_links":{"self":[{"href":"https:\/\/ba-lawfirm.com\/es\/wp-json\/wp\/v2\/pages\/42200","targetHints":{"allow":["GET"]}}],"collection":[{"href":"https:\/\/ba-lawfirm.com\/es\/wp-json\/wp\/v2\/pages"}],"about":[{"href":"https:\/\/ba-lawfirm.com\/es\/wp-json\/wp\/v2\/types\/page"}],"author":[{"embeddable":true,"href":"https:\/\/ba-lawfirm.com\/es\/wp-json\/wp\/v2\/users\/1"}],"replies":[{"embeddable":true,"href":"https:\/\/ba-lawfirm.com\/es\/wp-json\/wp\/v2\/comments?post=42200"}],"version-history":[{"count":6,"href":"https:\/\/ba-lawfirm.com\/es\/wp-json\/wp\/v2\/pages\/42200\/revisions"}],"predecessor-version":[{"id":42432,"href":"https:\/\/ba-lawfirm.com\/es\/wp-json\/wp\/v2\/pages\/42200\/revisions\/42432"}],"wp:attachment":[{"href":"https:\/\/ba-lawfirm.com\/es\/wp-json\/wp\/v2\/media?parent=42200"}],"curies":[{"name":"wp","href":"https:\/\/api.w.org\/{rel}","templated":true}]}}