{"id":42169,"date":"2025-08-26T21:20:30","date_gmt":"2025-08-27T02:20:30","guid":{"rendered":"https:\/\/balaw.optimizeddevelopment.net\/nonprofit-organizations-in-panama\/"},"modified":"2025-10-21T00:56:32","modified_gmt":"2025-10-21T05:56:32","slug":"organizaciones-sin-fines-de-lucro-en-panama","status":"publish","type":"page","link":"https:\/\/ba-lawfirm.com\/es\/organizaciones-sin-fines-de-lucro-en-panama\/","title":{"rendered":"Organizaciones Sin Fines de Lucro"},"content":{"rendered":"\t\t<div data-elementor-type=\"wp-page\" data-elementor-id=\"42169\" class=\"elementor elementor-42169 elementor-40743\" data-elementor-post-type=\"page\">\n\t\t\t\t<div class=\"elementor-element elementor-element-af1c4d4 e-flex e-con-boxed e-con e-parent\" data-id=\"af1c4d4\" data-element_type=\"container\">\n\t\t\t\t\t<div class=\"e-con-inner\">\n\t\t<div class=\"elementor-element elementor-element-384e9bc e-con-full e-flex e-con e-child\" data-id=\"384e9bc\" data-element_type=\"container\" data-settings=\"{&quot;background_background&quot;:&quot;classic&quot;}\">\n\t\t\t\t<div class=\"elementor-element elementor-element-2fe695d elementor-widget elementor-widget-heading\" data-id=\"2fe695d\" data-element_type=\"widget\" data-widget_type=\"heading.default\">\n\t\t\t\t<div class=\"elementor-widget-container\">\n\t\t\t\t\t<h1 class=\"elementor-heading-title elementor-size-default\">Organizaciones Sin Fines de Lucro en Panam\u00e1<\/h1>\t\t\t\t<\/div>\n\t\t\t\t<\/div>\n\t\t\t\t<div class=\"elementor-element elementor-element-754d5c9 elementor-widget elementor-widget-text-editor\" data-id=\"754d5c9\" data-element_type=\"widget\" data-widget_type=\"text-editor.default\">\n\t\t\t\t<div class=\"elementor-widget-container\">\n\t\t\t\t\t\t\t\t\t<p>Las Organizaciones Sin Fines de Lucro (OSFL) en Panam\u00e1 son una entidad legal formada para seguir un prop\u00f3sito caritativo.<\/p><p>La OSFL es una entidad privada, no partidista, que por su naturaleza no recibe beneficios patrimoniales personales, esto quiere decir que los ingresos de la organizaci\u00f3n no pueden ser distribuidos entre sus fundadores, miembros, o directores. No obstante, se pueden contratar a los miembros u otro personal para realizar labores especificas o prestaci\u00f3n de servicios dentro de la organizaci\u00f3n.<\/p><p>El proceso de solicitud es sencillo, pero puede tardar de 4 a 8 meses para obtener su aprobaci\u00f3n, ya que la resoluci\u00f3n es firmada por el Ministerio de Gobierno previo consentimiento de otras entidades gubernamentales con competencia sobre asuntos espec\u00edficos de la OSFL.<\/p>\t\t\t\t\t\t\t\t<\/div>\n\t\t\t\t<\/div>\n\t\t\t\t<div class=\"elementor-element elementor-element-2f96a94 elementor-align-left elementor-widget elementor-widget-button\" data-id=\"2f96a94\" data-element_type=\"widget\" data-widget_type=\"button.default\">\n\t\t\t\t<div class=\"elementor-widget-container\">\n\t\t\t\t\t\t\t\t\t<div class=\"elementor-button-wrapper\">\n\t\t\t\t\t<a class=\"elementor-button elementor-button-link elementor-size-sm\" href=\"https:\/\/ba-lawfirm.com\/es\/clientes-funnel\/\">\n\t\t\t\t\t\t<span class=\"elementor-button-content-wrapper\">\n\t\t\t\t\t\t<span class=\"elementor-button-icon\">\n\t\t\t\t<svg aria-hidden=\"true\" class=\"e-font-icon-svg e-fas-chevron-right\" viewBox=\"0 0 320 512\" xmlns=\"http:\/\/www.w3.org\/2000\/svg\"><path d=\"M285.476 272.971L91.132 467.314c-9.373 9.373-24.569 9.373-33.941 0l-22.667-22.667c-9.357-9.357-9.375-24.522-.04-33.901L188.505 256 34.484 101.255c-9.335-9.379-9.317-24.544.04-33.901l22.667-22.667c9.373-9.373 24.569-9.373 33.941 0L285.475 239.03c9.373 9.372 9.373 24.568.001 33.941z\"><\/path><\/svg>\t\t\t<\/span>\n\t\t\t\t\t\t\t\t\t<span class=\"elementor-button-text\">Agenda una cita gratuita de 30 minutos<\/span>\n\t\t\t\t\t<\/span>\n\t\t\t\t\t<\/a>\n\t\t\t\t<\/div>\n\t\t\t\t\t\t\t\t<\/div>\n\t\t\t\t<\/div>\n\t\t\t\t<\/div>\n\t\t<div class=\"elementor-element elementor-element-8ee9c9c e-con-full e-flex e-con e-child\" data-id=\"8ee9c9c\" data-element_type=\"container\">\n\t\t\t\t<div class=\"elementor-element elementor-element-d856f1e elementor-widget elementor-widget-image\" data-id=\"d856f1e\" data-element_type=\"widget\" data-widget_type=\"image.default\">\n\t\t\t\t<div class=\"elementor-widget-container\">\n\t\t\t\t\t\t\t\t\t\t\t\t\t\t\t<img fetchpriority=\"high\" decoding=\"async\" width=\"600\" height=\"400\" src=\"https:\/\/ba-lawfirm.com\/wp-content\/uploads\/2025\/08\/nonprofit.webp\" class=\"attachment-large size-large wp-image-40775\" alt=\"\" srcset=\"https:\/\/ba-lawfirm.com\/wp-content\/uploads\/2025\/08\/nonprofit.webp 600w, https:\/\/ba-lawfirm.com\/wp-content\/uploads\/2025\/08\/nonprofit-300x200.webp 300w\" sizes=\"(max-width: 600px) 100vw, 600px\" \/>\t\t\t\t\t\t\t\t\t\t\t\t\t\t\t<\/div>\n\t\t\t\t<\/div>\n\t\t\t\t<\/div>\n\t\t\t\t\t<\/div>\n\t\t\t\t<\/div>\n\t\t<div class=\"elementor-element elementor-element-f394e4e e-flex e-con-boxed e-con e-parent\" data-id=\"f394e4e\" data-element_type=\"container\">\n\t\t\t\t\t<div class=\"e-con-inner\">\n\t\t\t\t<div class=\"elementor-element elementor-element-dae53c7 elementor-widget elementor-widget-heading\" data-id=\"dae53c7\" data-element_type=\"widget\" data-widget_type=\"heading.default\">\n\t\t\t\t<div class=\"elementor-widget-container\">\n\t\t\t\t\t<h3 class=\"elementor-heading-title elementor-size-default\">Estatutos<\/h3>\t\t\t\t<\/div>\n\t\t\t\t<\/div>\n\t\t\t\t<div class=\"elementor-element elementor-element-b9134e5 elementor-widget elementor-widget-text-editor\" data-id=\"b9134e5\" data-element_type=\"widget\" data-widget_type=\"text-editor.default\">\n\t\t\t\t<div class=\"elementor-widget-container\">\n\t\t\t\t\t\t\t\t\tPor otro lado, los Estatutos de la OSFL debe incluir la siguiente informaci\u00f3n:\t\t\t\t\t\t\t\t<\/div>\n\t\t\t\t<\/div>\n\t\t<div class=\"elementor-element elementor-element-b3e085d e-grid e-con-full e-con e-child\" data-id=\"b3e085d\" data-element_type=\"container\">\n\t\t\t\t<div class=\"elementor-element elementor-element-7044f22 elementor-widget elementor-widget-text-editor\" data-id=\"7044f22\" data-element_type=\"widget\" data-widget_type=\"text-editor.default\">\n\t\t\t\t<div class=\"elementor-widget-container\">\n\t\t\t\t\t\t\t\t\t<ul><li>Nombre de la entidad y domicilio.<\/li><li>Objetivos en forma detallada y fines espec\u00edficos con una explicaci\u00f3n de si los mismos son ben\u00e9ficos, gremiales o de otra naturaleza.<\/li><li>Constituci\u00f3n del patrimonio y actividades que se desarrollaran para su consecuci\u00f3n.<\/li><\/ul>\t\t\t\t\t\t\t\t<\/div>\n\t\t\t\t<\/div>\n\t\t\t\t<div class=\"elementor-element elementor-element-c75e10e elementor-widget elementor-widget-text-editor\" data-id=\"c75e10e\" data-element_type=\"widget\" data-widget_type=\"text-editor.default\">\n\t\t\t\t<div class=\"elementor-widget-container\">\n\t\t\t\t\t\t\t\t\t<ul><li>Cuotas, modo de afiliarse, as\u00ed como el modo de perder la calidad de miembro<\/li><li>Procedimiento para modificar el Estatuto<\/li><li>Forma de llevar los registros contables e indicaci\u00f3n del modo de registrar los fondos que se generen, reciban y transfieran<\/li><li>Procedimiento de disoluci\u00f3n, si la OSFL llega a ser disuelta<\/li><\/ul>\t\t\t\t\t\t\t\t<\/div>\n\t\t\t\t<\/div>\n\t\t\t\t<\/div>\n\t\t\t\t<div class=\"elementor-element elementor-element-c893c92 elementor-widget elementor-widget-heading\" data-id=\"c893c92\" data-element_type=\"widget\" data-widget_type=\"heading.default\">\n\t\t\t\t<div class=\"elementor-widget-container\">\n\t\t\t\t\t<h3 class=\"elementor-heading-title elementor-size-default\">Requisitos<\/h3>\t\t\t\t<\/div>\n\t\t\t\t<\/div>\n\t\t\t\t<div class=\"elementor-element elementor-element-294512c elementor-widget elementor-widget-text-editor\" data-id=\"294512c\" data-element_type=\"widget\" data-widget_type=\"text-editor.default\">\n\t\t\t\t<div class=\"elementor-widget-container\">\n\t\t\t\t\t\t\t\t\t<p>Los requisitos para crear una Organizacion Sin Fines de Lucro son:<\/p>\t\t\t\t\t\t\t\t<\/div>\n\t\t\t\t<\/div>\n\t\t<div class=\"elementor-element elementor-element-1e6ba92 e-grid e-con-full e-con e-child\" data-id=\"1e6ba92\" data-element_type=\"container\">\n\t\t\t\t<div class=\"elementor-element elementor-element-24c9dc5 elementor-widget elementor-widget-text-editor\" data-id=\"24c9dc5\" data-element_type=\"widget\" data-widget_type=\"text-editor.default\">\n\t\t\t\t<div class=\"elementor-widget-container\">\n\t\t\t\t\t\t\t\t\t<ul><li>Lista de los miembros de la junta directiva, que deben ser tres (3) o mas personas naturales o jur\u00eddicas.<\/li><li>Copia de la c\u00e9dula de cada persona natural. En caso de usar personas jur\u00eddicas, acta de Asamblea General en la que se aprueba su participaci\u00f3n como miembro de la OSFL y certificaci\u00f3n del Registro P\u00fablico vigente.<\/li><li>Acta de constituci\u00f3n de la entidad y conformaci\u00f3n de la Junta Directiva, y acta de aprobaci\u00f3n del Estatuto<\/li><\/ul>\t\t\t\t\t\t\t\t<\/div>\n\t\t\t\t<\/div>\n\t\t\t\t<div class=\"elementor-element elementor-element-7eef25f elementor-widget elementor-widget-text-editor\" data-id=\"7eef25f\" data-element_type=\"widget\" data-widget_type=\"text-editor.default\">\n\t\t\t\t<div class=\"elementor-widget-container\">\n\t\t\t\t\t\t\t\t\t<ul><li>Estatuto de la OSFL, firmado por su presidente y secretario, delimitando como se va a regir la OSFL, sus objetivos, y su modelo organizacional<\/li><li>Solicitud de inscripci\u00f3n a trav\u00e9s de abogado<\/li><\/ul>\t\t\t\t\t\t\t\t<\/div>\n\t\t\t\t<\/div>\n\t\t\t\t<\/div>\n\t\t\t\t\t<\/div>\n\t\t\t\t<\/div>\n\t\t<div class=\"elementor-element elementor-element-353cf7b e-flex e-con-boxed e-con e-parent\" data-id=\"353cf7b\" data-element_type=\"container\">\n\t\t\t\t\t<div class=\"e-con-inner\">\n\t\t<div class=\"elementor-element elementor-element-3a5a7b3 e-con-full e-flex e-con e-child\" data-id=\"3a5a7b3\" data-element_type=\"container\" data-settings=\"{&quot;background_background&quot;:&quot;classic&quot;}\">\n\t\t<div class=\"elementor-element elementor-element-51fcb7c e-con-full e-flex e-con e-child\" data-id=\"51fcb7c\" data-element_type=\"container\">\n\t\t\t\t<div class=\"elementor-element elementor-element-9901028 elementor-widget elementor-widget-heading\" data-id=\"9901028\" data-element_type=\"widget\" data-widget_type=\"heading.default\">\n\t\t\t\t<div class=\"elementor-widget-container\">\n\t\t\t\t\t<h2 class=\"elementor-heading-title elementor-size-default\">Beneficios<\/h2>\t\t\t\t<\/div>\n\t\t\t\t<\/div>\n\t\t\t\t<div class=\"elementor-element elementor-element-9af7d51 elementor-widget elementor-widget-text-editor\" data-id=\"9af7d51\" data-element_type=\"widget\" data-widget_type=\"text-editor.default\">\n\t\t\t\t<div class=\"elementor-widget-container\">\n\t\t\t\t\t\t\t\t\t<p>Algunos de los beneficios de las Organizaciones Sin Fines de Lucro son:<\/p><ul><li>Tiene identidad legal<br \/>Puede ser usado para actividades reguladas como iglesias u organizaciones civiles.<\/li><li>Puede solicitar incentivos fiscales cuando se utilizan con objetivos espec\u00edficos sin fines de lucro.<\/li><\/ul>\t\t\t\t\t\t\t\t<\/div>\n\t\t\t\t<\/div>\n\t\t\t\t<\/div>\n\t\t<div class=\"elementor-element elementor-element-c25df39 e-con-full e-flex e-con e-child\" data-id=\"c25df39\" data-element_type=\"container\">\n\t\t\t\t<div class=\"elementor-element elementor-element-cbccd02 elementor-widget elementor-widget-image\" data-id=\"cbccd02\" data-element_type=\"widget\" data-widget_type=\"image.default\">\n\t\t\t\t<div class=\"elementor-widget-container\">\n\t\t\t\t\t\t\t\t\t\t\t\t\t\t\t<img decoding=\"async\" width=\"600\" height=\"250\" src=\"https:\/\/ba-lawfirm.com\/wp-content\/uploads\/2025\/08\/nonprofit2.webp\" class=\"attachment-large size-large wp-image-40778\" alt=\"\" srcset=\"https:\/\/ba-lawfirm.com\/wp-content\/uploads\/2025\/08\/nonprofit2.webp 600w, https:\/\/ba-lawfirm.com\/wp-content\/uploads\/2025\/08\/nonprofit2-300x125.webp 300w\" sizes=\"(max-width: 600px) 100vw, 600px\" \/>\t\t\t\t\t\t\t\t\t\t\t\t\t\t\t<\/div>\n\t\t\t\t<\/div>\n\t\t\t\t<\/div>\n\t\t\t\t<\/div>\n\t\t\t\t\t<\/div>\n\t\t\t\t<\/div>\n\t\t<div class=\"elementor-element elementor-element-a080272 e-flex e-con-boxed e-con e-parent\" data-id=\"a080272\" data-element_type=\"container\">\n\t\t\t\t\t<div class=\"e-con-inner\">\n\t\t\t\t<div class=\"elementor-element elementor-element-64a52a5 elementor-widget elementor-widget-template\" data-id=\"64a52a5\" data-element_type=\"widget\" data-widget_type=\"template.default\">\n\t\t\t\t<div class=\"elementor-widget-container\">\n\t\t\t\t\t\t\t<div class=\"elementor-template\">\n\t\t\t\t\t<div data-elementor-type=\"section\" data-elementor-id=\"42219\" class=\"elementor elementor-42219 elementor-42216\" data-elementor-post-type=\"elementor_library\">\n\t\t\t<div class=\"elementor-element elementor-element-127bed4 e-flex e-con-boxed e-con e-parent\" data-id=\"127bed4\" data-element_type=\"container\">\n\t\t\t\t\t<div class=\"e-con-inner\">\n\t\t\t\t<div class=\"elementor-element elementor-element-98c5a28 elementor-widget elementor-widget-heading\" data-id=\"98c5a28\" data-element_type=\"widget\" data-widget_type=\"heading.default\">\n\t\t\t\t<div class=\"elementor-widget-container\">\n\t\t\t\t\t<h2 class=\"elementor-heading-title elementor-size-default\">\u00bfPor qu\u00e9 elegirnos?<\/h2>\t\t\t\t<\/div>\n\t\t\t\t<\/div>\n\t\t\t\t\t<\/div>\n\t\t\t\t<\/div>\n\t\t<div class=\"elementor-element elementor-element-52fa7a2 e-flex e-con-boxed e-con e-parent\" data-id=\"52fa7a2\" data-element_type=\"container\">\n\t\t\t\t\t<div class=\"e-con-inner\">\n\t\t<div class=\"elementor-element elementor-element-36b7f93 e-con-full e-flex e-con e-child\" data-id=\"36b7f93\" data-element_type=\"container\">\n\t\t\t\t<div class=\"elementor-element elementor-element-b37213a elementor-widget elementor-widget-text-editor\" data-id=\"b37213a\" data-element_type=\"widget\" data-widget_type=\"text-editor.default\">\n\t\t\t\t<div class=\"elementor-widget-container\">\n\t\t\t\t\t\t\t\t\t<p><strong>Clientela Global<\/strong><\/p><p>Atendemos a clientes en Latinoam\u00e9rica, Norteam\u00e9rica, Europa y m\u00e1s all\u00e1.<\/p>\t\t\t\t\t\t\t\t<\/div>\n\t\t\t\t<\/div>\n\t\t\t\t<\/div>\n\t\t<div class=\"elementor-element elementor-element-ebca3f2 e-con-full e-flex e-con e-child\" data-id=\"ebca3f2\" data-element_type=\"container\">\n\t\t\t\t<div class=\"elementor-element elementor-element-8fc277f elementor-widget elementor-widget-text-editor\" data-id=\"8fc277f\" data-element_type=\"widget\" data-widget_type=\"text-editor.default\">\n\t\t\t\t<div class=\"elementor-widget-container\">\n\t\t\t\t\t\t\t\t\t<p><strong>Equipo Legal Experimentado<\/strong><\/p><p>Combinamos conocimiento legal con visi\u00f3n estrat\u00e9gica para ofrecer soluciones s\u00f3lidas y pr\u00e1cticas.<\/p>\t\t\t\t\t\t\t\t<\/div>\n\t\t\t\t<\/div>\n\t\t\t\t<\/div>\n\t\t<div class=\"elementor-element elementor-element-0e4c29d e-con-full e-flex e-con e-child\" data-id=\"0e4c29d\" data-element_type=\"container\">\n\t\t\t\t<div class=\"elementor-element elementor-element-81cb77b elementor-widget elementor-widget-text-editor\" data-id=\"81cb77b\" data-element_type=\"widget\" data-widget_type=\"text-editor.default\">\n\t\t\t\t<div class=\"elementor-widget-container\">\n\t\t\t\t\t\t\t\t\t<p><strong>Enfoque Centrado en el Cliente<\/strong><\/p><p>Su caso es nuestra prioridad. Escuchamos, planificamos y actuamos teniendo en cuenta sus objetivos.<\/p>\t\t\t\t\t\t\t\t<\/div>\n\t\t\t\t<\/div>\n\t\t\t\t<\/div>\n\t\t\t\t\t<\/div>\n\t\t\t\t<\/div>\n\t\t<div class=\"elementor-element elementor-element-615840e e-flex e-con-boxed e-con e-parent\" data-id=\"615840e\" data-element_type=\"container\">\n\t\t\t\t\t<div class=\"e-con-inner\">\n\t\t<div class=\"elementor-element elementor-element-268c953 e-con-full e-flex e-con e-child\" data-id=\"268c953\" data-element_type=\"container\">\n\t\t\t\t<div class=\"elementor-element elementor-element-975810c elementor-widget elementor-widget-text-editor\" data-id=\"975810c\" data-element_type=\"widget\" data-widget_type=\"text-editor.default\">\n\t\t\t\t<div class=\"elementor-widget-container\">\n\t\t\t\t\t\t\t\t\t<p><strong>Gestione F\u00e1cilmente sus Documentos en EE.UU.<\/strong><\/p><p>Nuestra oficina en Austin, Texas, se dedica a recibir documentos y correspondencia, ofreciendo mayor comodidad a nuestros clientes en Estados Unidos y otros pa\u00edses.<\/p>\t\t\t\t\t\t\t\t<\/div>\n\t\t\t\t<\/div>\n\t\t\t\t<\/div>\n\t\t<div class=\"elementor-element elementor-element-14c3225 e-con-full e-flex e-con e-child\" data-id=\"14c3225\" data-element_type=\"container\">\n\t\t\t\t<div class=\"elementor-element elementor-element-f0043b8 elementor-widget elementor-widget-text-editor\" data-id=\"f0043b8\" data-element_type=\"widget\" data-widget_type=\"text-editor.default\">\n\t\t\t\t<div class=\"elementor-widget-container\">\n\t\t\t\t\t\t\t\t\t<p><strong>Servicio Biling\u00fce<\/strong><\/p><p>Ofrecemos servicios en ingl\u00e9s y espa\u00f1ol para brindar un mejor servicio a nuestra diversa cartera de clientes.<\/p>\t\t\t\t\t\t\t\t<\/div>\n\t\t\t\t<\/div>\n\t\t\t\t<\/div>\n\t\t\t\t\t<\/div>\n\t\t\t\t<\/div>\n\t\t\t\t<\/div>\n\t\t\t\t<\/div>\n\t\t\t\t\t\t<\/div>\n\t\t\t\t<\/div>\n\t\t\t\t\t<\/div>\n\t\t\t\t<\/div>\n\t\t\t\t<\/div>\n\t\t","protected":false},"excerpt":{"rendered":"<p>Organizaciones Sin Fines de Lucro en Panam\u00e1 Las Organizaciones Sin Fines de Lucro (OSFL) en Panam\u00e1 son una entidad legal formada para seguir un prop\u00f3sito caritativo. La OSFL es una entidad privada, no partidista, que por su naturaleza no recibe beneficios patrimoniales personales, esto quiere decir que los ingresos de la organizaci\u00f3n no pueden ser [&hellip;]<\/p>\n","protected":false},"author":1,"featured_media":0,"parent":0,"menu_order":0,"comment_status":"closed","ping_status":"closed","template":"","meta":{"footnotes":""},"class_list":["post-42169","page","type-page","status-publish","hentry"],"_links":{"self":[{"href":"https:\/\/ba-lawfirm.com\/es\/wp-json\/wp\/v2\/pages\/42169","targetHints":{"allow":["GET"]}}],"collection":[{"href":"https:\/\/ba-lawfirm.com\/es\/wp-json\/wp\/v2\/pages"}],"about":[{"href":"https:\/\/ba-lawfirm.com\/es\/wp-json\/wp\/v2\/types\/page"}],"author":[{"embeddable":true,"href":"https:\/\/ba-lawfirm.com\/es\/wp-json\/wp\/v2\/users\/1"}],"replies":[{"embeddable":true,"href":"https:\/\/ba-lawfirm.com\/es\/wp-json\/wp\/v2\/comments?post=42169"}],"version-history":[{"count":6,"href":"https:\/\/ba-lawfirm.com\/es\/wp-json\/wp\/v2\/pages\/42169\/revisions"}],"predecessor-version":[{"id":42339,"href":"https:\/\/ba-lawfirm.com\/es\/wp-json\/wp\/v2\/pages\/42169\/revisions\/42339"}],"wp:attachment":[{"href":"https:\/\/ba-lawfirm.com\/es\/wp-json\/wp\/v2\/media?parent=42169"}],"curies":[{"name":"wp","href":"https:\/\/api.w.org\/{rel}","templated":true}]}}