{"id":42158,"date":"2025-10-17T15:43:26","date_gmt":"2025-10-17T20:43:26","guid":{"rendered":"https:\/\/balaw.optimizeddevelopment.net\/get-your-panamanian-id\/"},"modified":"2025-10-21T00:27:11","modified_gmt":"2025-10-21T05:27:11","slug":"obtenga-su-identificacion-panamena","status":"publish","type":"page","link":"https:\/\/ba-lawfirm.com\/es\/obtenga-su-identificacion-panamena\/","title":{"rendered":"Obtenga su identificaci\u00f3n paname\u00f1a"},"content":{"rendered":"\t\t<div data-elementor-type=\"wp-page\" data-elementor-id=\"42158\" class=\"elementor elementor-42158 elementor-41994\" data-elementor-post-type=\"page\">\n\t\t\t\t<div class=\"elementor-element elementor-element-af1c4d4 e-flex e-con-boxed e-con e-parent\" data-id=\"af1c4d4\" data-element_type=\"container\">\n\t\t\t\t\t<div class=\"e-con-inner\">\n\t\t<div class=\"elementor-element elementor-element-384e9bc e-con-full e-flex e-con e-child\" data-id=\"384e9bc\" data-element_type=\"container\" data-settings=\"{&quot;background_background&quot;:&quot;classic&quot;}\">\n\t\t\t\t<div class=\"elementor-element elementor-element-2fe695d elementor-widget elementor-widget-heading\" data-id=\"2fe695d\" data-element_type=\"widget\" data-widget_type=\"heading.default\">\n\t\t\t\t<div class=\"elementor-widget-container\">\n\t\t\t\t\t<h1 class=\"elementor-heading-title elementor-size-default\">Obtenga su identificaci\u00f3n paname\u00f1a<\/h1>\t\t\t\t<\/div>\n\t\t\t\t<\/div>\n\t\t\t\t<div class=\"elementor-element elementor-element-2f96a94 elementor-align-left elementor-widget elementor-widget-button\" data-id=\"2f96a94\" data-element_type=\"widget\" data-widget_type=\"button.default\">\n\t\t\t\t<div class=\"elementor-widget-container\">\n\t\t\t\t\t\t\t\t\t<div class=\"elementor-button-wrapper\">\n\t\t\t\t\t<a class=\"elementor-button elementor-button-link elementor-size-sm\" href=\"https:\/\/ba-lawfirm.com\/es\/clientes-funnel\/\">\n\t\t\t\t\t\t<span class=\"elementor-button-content-wrapper\">\n\t\t\t\t\t\t<span class=\"elementor-button-icon\">\n\t\t\t\t<svg aria-hidden=\"true\" class=\"e-font-icon-svg e-fas-chevron-right\" viewBox=\"0 0 320 512\" xmlns=\"http:\/\/www.w3.org\/2000\/svg\"><path d=\"M285.476 272.971L91.132 467.314c-9.373 9.373-24.569 9.373-33.941 0l-22.667-22.667c-9.357-9.357-9.375-24.522-.04-33.901L188.505 256 34.484 101.255c-9.335-9.379-9.317-24.544.04-33.901l22.667-22.667c9.373-9.373 24.569-9.373 33.941 0L285.475 239.03c9.373 9.372 9.373 24.568.001 33.941z\"><\/path><\/svg>\t\t\t<\/span>\n\t\t\t\t\t\t\t\t\t<span class=\"elementor-button-text\">Agenda una cita gratuita de 30 minutos<\/span>\n\t\t\t\t\t<\/span>\n\t\t\t\t\t<\/a>\n\t\t\t\t<\/div>\n\t\t\t\t\t\t\t\t<\/div>\n\t\t\t\t<\/div>\n\t\t\t\t<\/div>\n\t\t<div class=\"elementor-element elementor-element-8ee9c9c e-con-full e-flex e-con e-child\" data-id=\"8ee9c9c\" data-element_type=\"container\">\n\t\t\t\t<div class=\"elementor-element elementor-element-d856f1e elementor-widget elementor-widget-image\" data-id=\"d856f1e\" data-element_type=\"widget\" data-widget_type=\"image.default\">\n\t\t\t\t<div class=\"elementor-widget-container\">\n\t\t\t\t\t\t\t\t\t\t\t\t\t\t\t<img fetchpriority=\"high\" decoding=\"async\" width=\"600\" height=\"400\" src=\"https:\/\/ba-lawfirm.com\/wp-content\/uploads\/2025\/10\/cedula-e.webp\" class=\"attachment-large size-large wp-image-42003\" alt=\"\" srcset=\"https:\/\/ba-lawfirm.com\/wp-content\/uploads\/2025\/10\/cedula-e.webp 600w, https:\/\/ba-lawfirm.com\/wp-content\/uploads\/2025\/10\/cedula-e-300x200.webp 300w\" sizes=\"(max-width: 600px) 100vw, 600px\" \/>\t\t\t\t\t\t\t\t\t\t\t\t\t\t\t<\/div>\n\t\t\t\t<\/div>\n\t\t\t\t<\/div>\n\t\t\t\t\t<\/div>\n\t\t\t\t<\/div>\n\t\t<div class=\"elementor-element elementor-element-b9e535e e-flex e-con-boxed e-con e-parent\" data-id=\"b9e535e\" data-element_type=\"container\">\n\t\t\t\t\t<div class=\"e-con-inner\">\n\t\t\t\t<div class=\"elementor-element elementor-element-b396058 elementor-widget elementor-widget-heading\" data-id=\"b396058\" data-element_type=\"widget\" data-widget_type=\"heading.default\">\n\t\t\t\t<div class=\"elementor-widget-container\">\n\t\t\t\t\t<h2 class=\"elementor-heading-title elementor-size-default\">Requisitos para obtener mi C\u00e9dula E en Panam\u00e1\n<\/h2>\t\t\t\t<\/div>\n\t\t\t\t<\/div>\n\t\t\t\t<div class=\"elementor-element elementor-element-a15f9bf elementor-widget elementor-widget-text-editor\" data-id=\"a15f9bf\" data-element_type=\"widget\" data-widget_type=\"text-editor.default\">\n\t\t\t\t<div class=\"elementor-widget-container\">\n\t\t\t\t\t\t\t\t\t<ol><li><strong>Permiso de residencia permanente:<\/strong> Debe haber obtenido un permiso de residencia permanente aprobado por el Servicio Nacional de Migraci\u00f3n (SNM).<\/li><li><strong>Documentaci\u00f3n requerida:<\/strong> Presente documentos como su tarjeta de residencia, resoluci\u00f3n de residencia y una copia de su tarjeta de residencia.<\/li><li><strong>Visita al Tribunal Electoral:<\/strong> Debe acudir al Tribunal Electoral en Panam\u00e1 para solicitar la c\u00e9dula.<\/li><li><strong>Costo:<\/strong> El costo de la c\u00e9dula E es de aproximadamente $100.<\/li><li><strong>Tiempo de entrega:<\/strong> La c\u00e9dula se emite entre 7 y 15 d\u00edas h\u00e1biles despu\u00e9s de presentar la solicitud.<\/li><\/ol>\t\t\t\t\t\t\t\t<\/div>\n\t\t\t\t<\/div>\n\t\t\t\t\t<\/div>\n\t\t\t\t<\/div>\n\t\t<div class=\"elementor-element elementor-element-f7d1aed e-flex e-con-boxed e-con e-parent\" data-id=\"f7d1aed\" data-element_type=\"container\">\n\t\t\t\t\t<div class=\"e-con-inner\">\n\t\t<div class=\"elementor-element elementor-element-d3fb80a e-con-full e-flex e-con e-child\" data-id=\"d3fb80a\" data-element_type=\"container\" data-settings=\"{&quot;background_background&quot;:&quot;classic&quot;}\">\n\t\t<div class=\"elementor-element elementor-element-0ba711d e-con-full e-flex e-con e-child\" data-id=\"0ba711d\" data-element_type=\"container\">\n\t\t\t\t<div class=\"elementor-element elementor-element-dd7ca87 elementor-widget elementor-widget-heading\" data-id=\"dd7ca87\" data-element_type=\"widget\" data-widget_type=\"heading.default\">\n\t\t\t\t<div class=\"elementor-widget-container\">\n\t\t\t\t\t<h2 class=\"elementor-heading-title elementor-size-default\">\u00bfQu\u00e9 hacemos por usted?\n<\/h2>\t\t\t\t<\/div>\n\t\t\t\t<\/div>\n\t\t\t\t<div class=\"elementor-element elementor-element-c9618f7 elementor-widget elementor-widget-text-editor\" data-id=\"c9618f7\" data-element_type=\"widget\" data-widget_type=\"text-editor.default\">\n\t\t\t\t<div class=\"elementor-widget-container\">\n\t\t\t\t\t\t\t\t\t<p><strong>Paso 1:<\/strong> Cont\u00e1ctenos para una consulta gratuita.<\/p><p><strong>Paso 2:<\/strong> Le ayudamos a preparar y obtener todos los documentos para su solicitud.<\/p><p><strong>Paso 3:<\/strong> Le agendaremos una cita en el Tribunal Electoral.<\/p><p><strong>Paso 4:<\/strong> Le brindaremos asistencia. Le acompa\u00f1aremos a la oficina del Tribunal Electoral en Anc\u00f3n, nos encargaremos de toda la comunicaci\u00f3n en espa\u00f1ol, entregaremos sus documentos y le guiaremos por el edificio para obtener el soporte biom\u00e9trico, la fotograf\u00eda y las huellas dactilares.<\/p><p><strong>Paso 5:<\/strong> Le ayudaremos con el pago y la presentaci\u00f3n final.<\/p><p><strong>Paso 6:<\/strong> Podemos recoger su c\u00e9dula (opcional).<\/p>\t\t\t\t\t\t\t\t<\/div>\n\t\t\t\t<\/div>\n\t\t\t\t<div class=\"elementor-element elementor-element-972f0ab elementor-align-left elementor-widget elementor-widget-button\" data-id=\"972f0ab\" data-element_type=\"widget\" data-widget_type=\"button.default\">\n\t\t\t\t<div class=\"elementor-widget-container\">\n\t\t\t\t\t\t\t\t\t<div class=\"elementor-button-wrapper\">\n\t\t\t\t\t<a class=\"elementor-button elementor-button-link elementor-size-sm\" href=\"https:\/\/ba-lawfirm.com\/es\/clientes-funnel\/\">\n\t\t\t\t\t\t<span class=\"elementor-button-content-wrapper\">\n\t\t\t\t\t\t<span class=\"elementor-button-icon\">\n\t\t\t\t<svg aria-hidden=\"true\" class=\"e-font-icon-svg e-fas-chevron-right\" viewBox=\"0 0 320 512\" xmlns=\"http:\/\/www.w3.org\/2000\/svg\"><path d=\"M285.476 272.971L91.132 467.314c-9.373 9.373-24.569 9.373-33.941 0l-22.667-22.667c-9.357-9.357-9.375-24.522-.04-33.901L188.505 256 34.484 101.255c-9.335-9.379-9.317-24.544.04-33.901l22.667-22.667c9.373-9.373 24.569-9.373 33.941 0L285.475 239.03c9.373 9.372 9.373 24.568.001 33.941z\"><\/path><\/svg>\t\t\t<\/span>\n\t\t\t\t\t\t\t\t\t<span class=\"elementor-button-text\">Consulta gratuita<\/span>\n\t\t\t\t\t<\/span>\n\t\t\t\t\t<\/a>\n\t\t\t\t<\/div>\n\t\t\t\t\t\t\t\t<\/div>\n\t\t\t\t<\/div>\n\t\t\t\t<\/div>\n\t\t<div class=\"elementor-element elementor-element-dffe230 e-con-full e-flex e-con e-child\" data-id=\"dffe230\" data-element_type=\"container\">\n\t\t\t\t<div class=\"elementor-element elementor-element-ba460c5 elementor-widget elementor-widget-image\" data-id=\"ba460c5\" data-element_type=\"widget\" data-widget_type=\"image.default\">\n\t\t\t\t<div class=\"elementor-widget-container\">\n\t\t\t\t\t\t\t\t\t\t\t\t\t\t\t<img decoding=\"async\" width=\"600\" height=\"399\" src=\"https:\/\/ba-lawfirm.com\/wp-content\/uploads\/2025\/10\/get_your_panamanian_id.webp\" class=\"attachment-large size-large wp-image-42006\" alt=\"\" srcset=\"https:\/\/ba-lawfirm.com\/wp-content\/uploads\/2025\/10\/get_your_panamanian_id.webp 600w, https:\/\/ba-lawfirm.com\/wp-content\/uploads\/2025\/10\/get_your_panamanian_id-300x200.webp 300w\" sizes=\"(max-width: 600px) 100vw, 600px\" \/>\t\t\t\t\t\t\t\t\t\t\t\t\t\t\t<\/div>\n\t\t\t\t<\/div>\n\t\t\t\t<\/div>\n\t\t\t\t<\/div>\n\t\t\t\t\t<\/div>\n\t\t\t\t<\/div>\n\t\t<div class=\"elementor-element elementor-element-a080272 e-flex e-con-boxed e-con e-parent\" data-id=\"a080272\" data-element_type=\"container\">\n\t\t\t\t\t<div class=\"e-con-inner\">\n\t\t\t\t<div class=\"elementor-element elementor-element-c9222d6 elementor-widget elementor-widget-template\" data-id=\"c9222d6\" data-element_type=\"widget\" data-widget_type=\"template.default\">\n\t\t\t\t<div class=\"elementor-widget-container\">\n\t\t\t\t\t\t\t<div class=\"elementor-template\">\n\t\t\t\t\t<div data-elementor-type=\"section\" data-elementor-id=\"42219\" class=\"elementor elementor-42219 elementor-42216\" data-elementor-post-type=\"elementor_library\">\n\t\t\t<div class=\"elementor-element elementor-element-127bed4 e-flex e-con-boxed e-con e-parent\" data-id=\"127bed4\" data-element_type=\"container\">\n\t\t\t\t\t<div class=\"e-con-inner\">\n\t\t\t\t<div class=\"elementor-element elementor-element-98c5a28 elementor-widget elementor-widget-heading\" data-id=\"98c5a28\" data-element_type=\"widget\" data-widget_type=\"heading.default\">\n\t\t\t\t<div class=\"elementor-widget-container\">\n\t\t\t\t\t<h2 class=\"elementor-heading-title elementor-size-default\">\u00bfPor qu\u00e9 elegirnos?<\/h2>\t\t\t\t<\/div>\n\t\t\t\t<\/div>\n\t\t\t\t\t<\/div>\n\t\t\t\t<\/div>\n\t\t<div class=\"elementor-element elementor-element-52fa7a2 e-flex e-con-boxed e-con e-parent\" data-id=\"52fa7a2\" data-element_type=\"container\">\n\t\t\t\t\t<div class=\"e-con-inner\">\n\t\t<div class=\"elementor-element elementor-element-36b7f93 e-con-full e-flex e-con e-child\" data-id=\"36b7f93\" data-element_type=\"container\">\n\t\t\t\t<div class=\"elementor-element elementor-element-b37213a elementor-widget elementor-widget-text-editor\" data-id=\"b37213a\" data-element_type=\"widget\" data-widget_type=\"text-editor.default\">\n\t\t\t\t<div class=\"elementor-widget-container\">\n\t\t\t\t\t\t\t\t\t<p><strong>Clientela Global<\/strong><\/p><p>Atendemos a clientes en Latinoam\u00e9rica, Norteam\u00e9rica, Europa y m\u00e1s all\u00e1.<\/p>\t\t\t\t\t\t\t\t<\/div>\n\t\t\t\t<\/div>\n\t\t\t\t<\/div>\n\t\t<div class=\"elementor-element elementor-element-ebca3f2 e-con-full e-flex e-con e-child\" data-id=\"ebca3f2\" data-element_type=\"container\">\n\t\t\t\t<div class=\"elementor-element elementor-element-8fc277f elementor-widget elementor-widget-text-editor\" data-id=\"8fc277f\" data-element_type=\"widget\" data-widget_type=\"text-editor.default\">\n\t\t\t\t<div class=\"elementor-widget-container\">\n\t\t\t\t\t\t\t\t\t<p><strong>Equipo Legal Experimentado<\/strong><\/p><p>Combinamos conocimiento legal con visi\u00f3n estrat\u00e9gica para ofrecer soluciones s\u00f3lidas y pr\u00e1cticas.<\/p>\t\t\t\t\t\t\t\t<\/div>\n\t\t\t\t<\/div>\n\t\t\t\t<\/div>\n\t\t<div class=\"elementor-element elementor-element-0e4c29d e-con-full e-flex e-con e-child\" data-id=\"0e4c29d\" data-element_type=\"container\">\n\t\t\t\t<div class=\"elementor-element elementor-element-81cb77b elementor-widget elementor-widget-text-editor\" data-id=\"81cb77b\" data-element_type=\"widget\" data-widget_type=\"text-editor.default\">\n\t\t\t\t<div class=\"elementor-widget-container\">\n\t\t\t\t\t\t\t\t\t<p><strong>Enfoque Centrado en el Cliente<\/strong><\/p><p>Su caso es nuestra prioridad. Escuchamos, planificamos y actuamos teniendo en cuenta sus objetivos.<\/p>\t\t\t\t\t\t\t\t<\/div>\n\t\t\t\t<\/div>\n\t\t\t\t<\/div>\n\t\t\t\t\t<\/div>\n\t\t\t\t<\/div>\n\t\t<div class=\"elementor-element elementor-element-615840e e-flex e-con-boxed e-con e-parent\" data-id=\"615840e\" data-element_type=\"container\">\n\t\t\t\t\t<div class=\"e-con-inner\">\n\t\t<div class=\"elementor-element elementor-element-268c953 e-con-full e-flex e-con e-child\" data-id=\"268c953\" data-element_type=\"container\">\n\t\t\t\t<div class=\"elementor-element elementor-element-975810c elementor-widget elementor-widget-text-editor\" data-id=\"975810c\" data-element_type=\"widget\" data-widget_type=\"text-editor.default\">\n\t\t\t\t<div class=\"elementor-widget-container\">\n\t\t\t\t\t\t\t\t\t<p><strong>Gestione F\u00e1cilmente sus Documentos en EE.UU.<\/strong><\/p><p>Nuestra oficina en Austin, Texas, se dedica a recibir documentos y correspondencia, ofreciendo mayor comodidad a nuestros clientes en Estados Unidos y otros pa\u00edses.<\/p>\t\t\t\t\t\t\t\t<\/div>\n\t\t\t\t<\/div>\n\t\t\t\t<\/div>\n\t\t<div class=\"elementor-element elementor-element-14c3225 e-con-full e-flex e-con e-child\" data-id=\"14c3225\" data-element_type=\"container\">\n\t\t\t\t<div class=\"elementor-element elementor-element-f0043b8 elementor-widget elementor-widget-text-editor\" data-id=\"f0043b8\" data-element_type=\"widget\" data-widget_type=\"text-editor.default\">\n\t\t\t\t<div class=\"elementor-widget-container\">\n\t\t\t\t\t\t\t\t\t<p><strong>Servicio Biling\u00fce<\/strong><\/p><p>Ofrecemos servicios en ingl\u00e9s y espa\u00f1ol para brindar un mejor servicio a nuestra diversa cartera de clientes.<\/p>\t\t\t\t\t\t\t\t<\/div>\n\t\t\t\t<\/div>\n\t\t\t\t<\/div>\n\t\t\t\t\t<\/div>\n\t\t\t\t<\/div>\n\t\t\t\t<\/div>\n\t\t\t\t<\/div>\n\t\t\t\t\t\t<\/div>\n\t\t\t\t<\/div>\n\t\t\t\t\t<\/div>\n\t\t\t\t<\/div>\n\t\t\t\t<\/div>\n\t\t","protected":false},"excerpt":{"rendered":"<p>Obtenga su identificaci\u00f3n paname\u00f1a Agenda una cita gratuita de 30 minutos Requisitos para obtener mi C\u00e9dula E en Panam\u00e1 Permiso de residencia permanente: Debe haber obtenido un permiso de residencia permanente aprobado por el Servicio Nacional de Migraci\u00f3n (SNM). Documentaci\u00f3n requerida: Presente documentos como su tarjeta de residencia, resoluci\u00f3n de residencia y una copia de [&hellip;]<\/p>\n","protected":false},"author":1,"featured_media":0,"parent":0,"menu_order":0,"comment_status":"closed","ping_status":"closed","template":"","meta":{"footnotes":""},"class_list":["post-42158","page","type-page","status-publish","hentry"],"_links":{"self":[{"href":"https:\/\/ba-lawfirm.com\/es\/wp-json\/wp\/v2\/pages\/42158","targetHints":{"allow":["GET"]}}],"collection":[{"href":"https:\/\/ba-lawfirm.com\/es\/wp-json\/wp\/v2\/pages"}],"about":[{"href":"https:\/\/ba-lawfirm.com\/es\/wp-json\/wp\/v2\/types\/page"}],"author":[{"embeddable":true,"href":"https:\/\/ba-lawfirm.com\/es\/wp-json\/wp\/v2\/users\/1"}],"replies":[{"embeddable":true,"href":"https:\/\/ba-lawfirm.com\/es\/wp-json\/wp\/v2\/comments?post=42158"}],"version-history":[{"count":11,"href":"https:\/\/ba-lawfirm.com\/es\/wp-json\/wp\/v2\/pages\/42158\/revisions"}],"predecessor-version":[{"id":42307,"href":"https:\/\/ba-lawfirm.com\/es\/wp-json\/wp\/v2\/pages\/42158\/revisions\/42307"}],"wp:attachment":[{"href":"https:\/\/ba-lawfirm.com\/es\/wp-json\/wp\/v2\/media?parent=42158"}],"curies":[{"name":"wp","href":"https:\/\/api.w.org\/{rel}","templated":true}]}}