{"id":42147,"date":"2025-06-13T15:48:44","date_gmt":"2025-06-13T20:48:44","guid":{"rendered":"https:\/\/balaw.optimizeddevelopment.net\/clients-funnel\/"},"modified":"2025-11-04T13:13:11","modified_gmt":"2025-11-04T18:13:11","slug":"clientes-funnel","status":"publish","type":"page","link":"https:\/\/ba-lawfirm.com\/es\/clientes-funnel\/","title":{"rendered":"Clientes-funnel"},"content":{"rendered":"\t\t<div data-elementor-type=\"wp-page\" data-elementor-id=\"42147\" class=\"elementor elementor-42147 elementor-112\" data-elementor-post-type=\"page\">\n\t\t\t\t<div class=\"elementor-element elementor-element-c7df23e e-flex e-con-boxed e-con e-parent\" data-id=\"c7df23e\" data-element_type=\"container\" data-settings=\"{&quot;background_background&quot;:&quot;classic&quot;}\">\n\t\t\t\t\t<div class=\"e-con-inner\">\n\t\t\t\t<div class=\"elementor-element elementor-element-70e57b5 elementor-widget elementor-widget-heading\" data-id=\"70e57b5\" data-element_type=\"widget\" data-widget_type=\"heading.default\">\n\t\t\t\t<div class=\"elementor-widget-container\">\n\t\t\t\t\t<h2 class=\"elementor-heading-title elementor-size-default\">Tu camino comienza aqu\u00ed: <br>\nReserva tu consulta gratuita de 30 minutos sobre inmigraci\u00f3n o negocios.\n<\/h2>\t\t\t\t<\/div>\n\t\t\t\t<\/div>\n\t\t\t\t<div class=\"elementor-element elementor-element-920dc15 elementor-widget elementor-widget-text-editor\" data-id=\"920dc15\" data-element_type=\"widget\" data-widget_type=\"text-editor.default\">\n\t\t\t\t<div class=\"elementor-widget-container\">\n\t\t\t\t\t\t\t\t\t<p>Perm\u00edtanos guiarle a trav\u00e9s de sus opciones de visado, ideas de negocio y planes de reubicaci\u00f3n, sin compromiso, solo con claridad.<\/p>\t\t\t\t\t\t\t\t<\/div>\n\t\t\t\t<\/div>\n\t\t\t\t<div class=\"elementor-element elementor-element-cfb88f6 elementor-widget elementor-widget-html\" data-id=\"cfb88f6\" data-element_type=\"widget\" data-widget_type=\"html.default\">\n\t\t\t\t<div class=\"elementor-widget-container\">\n\t\t\t\t\t<!-- Calendly inline widget begin -->\n<div class=\"calendly-inline-widget\" data-url=\"https:\/\/calendly.com\/balawfirm\/30min\" style=\"min-width:320px;height:700px;\"><\/div>\n<script type=\"text\/javascript\" src=\"https:\/\/assets.calendly.com\/assets\/external\/widget.js\" async><\/script>\n<!-- Calendly inline widget end -->\t\t\t\t<\/div>\n\t\t\t\t<\/div>\n\t\t\t\t\t<\/div>\n\t\t\t\t<\/div>\n\t\t<div class=\"elementor-element elementor-element-1642075 e-flex e-con-boxed e-con e-parent\" data-id=\"1642075\" data-element_type=\"container\">\n\t\t\t\t\t<div class=\"e-con-inner\">\n\t\t\t\t<div class=\"elementor-element elementor-element-f8b7f3d elementor-widget elementor-widget-heading\" data-id=\"f8b7f3d\" data-element_type=\"widget\" data-widget_type=\"heading.default\">\n\t\t\t\t<div class=\"elementor-widget-container\">\n\t\t\t\t\t<h2 class=\"elementor-heading-title elementor-size-default\">Reviews<\/h2>\t\t\t\t<\/div>\n\t\t\t\t<\/div>\n\t\t\t\t\t<\/div>\n\t\t\t\t<\/div>\n\t\t<div class=\"elementor-element elementor-element-eac376d e-flex e-con-boxed e-con e-parent\" data-id=\"eac376d\" data-element_type=\"container\">\n\t\t\t\t\t<div class=\"e-con-inner\">\n\t\t\t\t<div class=\"elementor-element elementor-element-d9dc54e elementor-widget elementor-widget-shortcode\" data-id=\"d9dc54e\" data-element_type=\"widget\" data-widget_type=\"shortcode.default\">\n\t\t\t\t<div class=\"elementor-widget-container\">\n\t\t\t\t\t\t\t<div class=\"elementor-shortcode\"><style id=\"sp_testimonial_dynamic_css42528\">#sp-testimonial-free-wrapper-42528 .sp-testimonial-free-section .testimonial-pagination span.swiper-pagination-bullet{background: #cccccc;}#sp-testimonial-free-wrapper-42528 .sp-testimonial-free-section .testimonial-pagination span.swiper-pagination-bullet.swiper-pagination-bullet-active{background: #1595ce;} #sp-testimonial-free-wrapper-42528 .sp-testimonial-free-section .testimonial-nav-arrow{background: transparent;border: 1px solid #777777;color: #777777;}#sp-testimonial-free-wrapper-42528 .sp-testimonial-free-section .testimonial-nav-arrow:hover {background: #1595CE;border-color: #1595CE;color: #ffffff;}#sp-testimonial-free-wrapper-42528 .sp-testimonial-free-section{margin: 0 50px;}#sp-testimonial-free-wrapper-42528 .sp-testimonial-free-section{margin-bottom: 50px;}#sp-testimonial-free-wrapper-42528 .sp-testimonial-free-section .sp-testimonial-client-image img {background: #ffffff;border: 0px solid #dddddd;padding: 0px;}#sp-testimonial-free-wrapper-42528 .sp-testimonial-free-section .sp-testimonial-client-image {text-align: center;}#sp-testimonial-free-wrapper-42528 .sp-testimonial-free-section .sp-testimonial-client-rating{ display: inline-flex; gap: 2px;}#sp-testimonial-free-wrapper-42528 .sp-testimonial-free-section .sp-testimonial-client-rating i.fa{ color: #bbc2c7; font-size: 19px;}#sp-testimonial-free-wrapper-42528 .sp-testimonial-free-section .sp-testimonial-client-rating i.fa-star{color: #ffb900;}#sp-testimonial-free-wrapper-42528 .sp-testimonial-free-section .sp-testimonial-client-designation{color: #444444;}#sp-testimonial-free-wrapper-42528 .sp-testimonial-free-section .sp-testimonial-client-name{color: #333333;}#sp-testimonial-free-wrapper-42528 .sp-testimonial-free-section .sp-testimonial-client-testimonial{color: #333333;}#sp-testimonial-free-wrapper-42528 .sp-testimonial-free-section .sp-testimonial-title .sp-testimonial-post-title{color: #333333;}#sp-testimonial-free-wrapper-42528 .sp-testimonial-free {background : transparent;border: 0px solid #e3e3e3;border-radius: 0px;}<\/style><div id=\"sp-testimonial-free-wrapper-42528\" class=\"sp-testimonial-free-wrapper\"><div id=\"sp-testimonial-free-42528\" class=\"sp-testimonial-free-section tfree-style-theme-one\" dir=\"ltr\" data-preloader=\"\" data-swiper='{&quot;dots&quot;: 1,&quot;pagination_type&quot;: &quot;dots&quot;, &quot;spaceBetween&quot;: 20, &quot;adaptiveHeight&quot;: false, &quot;pauseOnHover&quot;: true, &quot;slidesToShow&quot;: 1, &quot;speed&quot;: 600, &quot;arrows&quot;: &quot;1&quot;, &quot;autoplay&quot;: true, &quot;autoplaySpeed&quot;: 3000, &quot;swipe&quot;: true, &quot;swipeToSlide&quot;: false, &quot;draggable&quot;: true, &quot;freeMode&quot;: false, &quot;rtl&quot;: false, &quot;infinite&quot;: true,&quot;slidesPerView&quot;: {&quot;lg_desktop&quot;:1 , &quot;desktop&quot;: 1, &quot;laptop&quot;:1 , &quot;tablet&quot;: 1, &quot;mobile&quot;: 1},&quot;navigation_mobile&quot;: true, &quot;pagination_mobile&quot;:true, &quot;autoplay_mobile&quot;:true}' ><div class=\"swiper-wrapper\"><div class=\"sp-testimonial-item swiper-slide\"><div class=\"sp-testimonial-free\"><div class=\"sp-testimonial-title\"><h3 class=\"sp-testimonial-post-title\">Kimberly was very professional and responsive to any questions that I had<\/h3><\/div><div class=\"sp-testimonial-client-testimonial\"><div class=\"sp-testimonial-content\"><p><strong>Kimberly was very professional and responsive to any questions that I had.<\/strong> She helped me patiently through every step of the process and was very supportive and knowledgeable.<\/p><p>I would highly recommend her services.<\/p><\/div><\/div><h4 class=\"sp-testimonial-client-name\">Norman Mantock<\/h4><\/div> <\/div> <div class=\"sp-testimonial-item swiper-slide\"><div class=\"sp-testimonial-free\"><div class=\"sp-testimonial-title\"><h3 class=\"sp-testimonial-post-title\">Kimberly and her team are top professionals!<\/h3><\/div><div class=\"sp-testimonial-client-testimonial\"><div class=\"sp-testimonial-content\"><p><strong>Kimberly and her team are top professionals<\/strong>, I am a founder and CEO of a prominent advertising agency in Canada, I decided to come down to beautiful Panama, as I am now semi-retired. I know a Pro when I see one, the difference between Kimberly and her team is essential, they troubleshoot! Any law firm can take you through a process, in my case, it was immigration, which means we are dealing with the Government, things never go perfectly, there is always room for their interpretation, I witnessed Kimberly and her amazing colleague Johanys troubleshoot, on the spot! and Get it done! These are the people you want to entrust such an important process if you are planning to come and stay here. I highly recommend this team to anyone and would gladly speak to anyone about my experience. Thank you Kimberly and Johanys, because of you, I am now a resident. Muchas Gracias!<\/p><\/div><\/div><h4 class=\"sp-testimonial-client-name\">John St-Louis<\/h4> <div class=\"sp-testimonial-client-designation\">CEO - StLouis Communications Inc.<\/div><\/div> <\/div> <\/div><div class=\"swiper-pagination testimonial-pagination\"><\/div><div class=\"swiper-button-prev testimonial-nav-arrow vertical_outer\"><i class=\"fa fa-angle-left\"><\/i><\/div><div class=\"swiper-button-next testimonial-nav-arrow vertical_outer\"><i class=\"fa fa-angle-right\"><\/i><\/div><\/div><\/div><\/div>\n\t\t\t\t\t\t<\/div>\n\t\t\t\t<\/div>\n\t\t\t\t<div class=\"elementor-element elementor-element-077f518 elementor-align-center elementor-widget elementor-widget-button\" data-id=\"077f518\" data-element_type=\"widget\" data-widget_type=\"button.default\">\n\t\t\t\t<div class=\"elementor-widget-container\">\n\t\t\t\t\t\t\t\t\t<div class=\"elementor-button-wrapper\">\n\t\t\t\t\t<a class=\"elementor-button elementor-button-link elementor-size-sm\" href=\"#elementor-action%3Aaction%3Dpopup%3Aopen%26settings%3DeyJpZCI6NDI1NTIsInRvZ2dsZSI6ZmFsc2V9\">\n\t\t\t\t\t\t<span class=\"elementor-button-content-wrapper\">\n\t\t\t\t\t\t\t\t\t<span class=\"elementor-button-text\">Crea tu propia rese\u00f1a<\/span>\n\t\t\t\t\t<\/span>\n\t\t\t\t\t<\/a>\n\t\t\t\t<\/div>\n\t\t\t\t\t\t\t\t<\/div>\n\t\t\t\t<\/div>\n\t\t\t\t\t<\/div>\n\t\t\t\t<\/div>\n\t\t\t\t<\/div>\n\t\t","protected":false},"excerpt":{"rendered":"<p>Tu camino comienza aqu\u00ed: Reserva tu consulta gratuita de 30 minutos sobre inmigraci\u00f3n o negocios. Perm\u00edtanos guiarle a trav\u00e9s de sus opciones de visado, ideas de negocio y planes de reubicaci\u00f3n, sin compromiso, solo con claridad. Reviews Crea tu propia rese\u00f1a<\/p>\n","protected":false},"author":1,"featured_media":0,"parent":0,"menu_order":0,"comment_status":"closed","ping_status":"closed","template":"","meta":{"footnotes":""},"class_list":["post-42147","page","type-page","status-publish","hentry"],"_links":{"self":[{"href":"https:\/\/ba-lawfirm.com\/es\/wp-json\/wp\/v2\/pages\/42147","targetHints":{"allow":["GET"]}}],"collection":[{"href":"https:\/\/ba-lawfirm.com\/es\/wp-json\/wp\/v2\/pages"}],"about":[{"href":"https:\/\/ba-lawfirm.com\/es\/wp-json\/wp\/v2\/types\/page"}],"author":[{"embeddable":true,"href":"https:\/\/ba-lawfirm.com\/es\/wp-json\/wp\/v2\/users\/1"}],"replies":[{"embeddable":true,"href":"https:\/\/ba-lawfirm.com\/es\/wp-json\/wp\/v2\/comments?post=42147"}],"version-history":[{"count":22,"href":"https:\/\/ba-lawfirm.com\/es\/wp-json\/wp\/v2\/pages\/42147\/revisions"}],"predecessor-version":[{"id":42556,"href":"https:\/\/ba-lawfirm.com\/es\/wp-json\/wp\/v2\/pages\/42147\/revisions\/42556"}],"wp:attachment":[{"href":"https:\/\/ba-lawfirm.com\/es\/wp-json\/wp\/v2\/media?parent=42147"}],"curies":[{"name":"wp","href":"https:\/\/api.w.org\/{rel}","templated":true}]}}