{"id":42144,"date":"2025-09-12T17:43:30","date_gmt":"2025-09-12T22:43:30","guid":{"rendered":"https:\/\/balaw.optimizeddevelopment.net\/accounting-services-in-panama\/"},"modified":"2025-10-20T23:31:32","modified_gmt":"2025-10-21T04:31:32","slug":"servicios-de-contabilidad-en-panama","status":"publish","type":"page","link":"https:\/\/ba-lawfirm.com\/es\/servicios-de-contabilidad-en-panama\/","title":{"rendered":"Servicios de Contabilidad"},"content":{"rendered":"\t\t<div data-elementor-type=\"wp-page\" data-elementor-id=\"42144\" class=\"elementor elementor-42144 elementor-40861\" data-elementor-post-type=\"page\">\n\t\t\t\t<div class=\"elementor-element elementor-element-af1c4d4 e-flex e-con-boxed e-con e-parent\" data-id=\"af1c4d4\" data-element_type=\"container\">\n\t\t\t\t\t<div class=\"e-con-inner\">\n\t\t<div class=\"elementor-element elementor-element-384e9bc e-con-full e-flex e-con e-child\" data-id=\"384e9bc\" data-element_type=\"container\" data-settings=\"{&quot;background_background&quot;:&quot;classic&quot;}\">\n\t\t\t\t<div class=\"elementor-element elementor-element-2fe695d elementor-widget elementor-widget-heading\" data-id=\"2fe695d\" data-element_type=\"widget\" data-widget_type=\"heading.default\">\n\t\t\t\t<div class=\"elementor-widget-container\">\n\t\t\t\t\t<h1 class=\"elementor-heading-title elementor-size-default\">Servicios de Contabilidad en Panam\u00e1<\/h1>\t\t\t\t<\/div>\n\t\t\t\t<\/div>\n\t\t\t\t<div class=\"elementor-element elementor-element-2f96a94 elementor-align-left elementor-widget elementor-widget-button\" data-id=\"2f96a94\" data-element_type=\"widget\" data-widget_type=\"button.default\">\n\t\t\t\t<div class=\"elementor-widget-container\">\n\t\t\t\t\t\t\t\t\t<div class=\"elementor-button-wrapper\">\n\t\t\t\t\t<a class=\"elementor-button elementor-button-link elementor-size-sm\" href=\"https:\/\/ba-lawfirm.com\/es\/clientes-funnel\/\">\n\t\t\t\t\t\t<span class=\"elementor-button-content-wrapper\">\n\t\t\t\t\t\t<span class=\"elementor-button-icon\">\n\t\t\t\t<svg aria-hidden=\"true\" class=\"e-font-icon-svg e-fas-chevron-right\" viewBox=\"0 0 320 512\" xmlns=\"http:\/\/www.w3.org\/2000\/svg\"><path d=\"M285.476 272.971L91.132 467.314c-9.373 9.373-24.569 9.373-33.941 0l-22.667-22.667c-9.357-9.357-9.375-24.522-.04-33.901L188.505 256 34.484 101.255c-9.335-9.379-9.317-24.544.04-33.901l22.667-22.667c9.373-9.373 24.569-9.373 33.941 0L285.475 239.03c9.373 9.372 9.373 24.568.001 33.941z\"><\/path><\/svg>\t\t\t<\/span>\n\t\t\t\t\t\t\t\t\t<span class=\"elementor-button-text\"> Agenda una cita gratuita de 30 minutos<\/span>\n\t\t\t\t\t<\/span>\n\t\t\t\t\t<\/a>\n\t\t\t\t<\/div>\n\t\t\t\t\t\t\t\t<\/div>\n\t\t\t\t<\/div>\n\t\t\t\t<\/div>\n\t\t<div class=\"elementor-element elementor-element-8ee9c9c e-con-full e-flex e-con e-child\" data-id=\"8ee9c9c\" data-element_type=\"container\">\n\t\t\t\t<div class=\"elementor-element elementor-element-d856f1e elementor-widget elementor-widget-image\" data-id=\"d856f1e\" data-element_type=\"widget\" data-widget_type=\"image.default\">\n\t\t\t\t<div class=\"elementor-widget-container\">\n\t\t\t\t\t\t\t\t\t\t\t\t\t\t\t<img fetchpriority=\"high\" decoding=\"async\" width=\"600\" height=\"400\" src=\"https:\/\/ba-lawfirm.com\/wp-content\/uploads\/2025\/09\/Accounting-Services-in-Panama.webp\" class=\"attachment-large size-large wp-image-40947\" alt=\"\" srcset=\"https:\/\/ba-lawfirm.com\/wp-content\/uploads\/2025\/09\/Accounting-Services-in-Panama.webp 600w, https:\/\/ba-lawfirm.com\/wp-content\/uploads\/2025\/09\/Accounting-Services-in-Panama-300x200.webp 300w\" sizes=\"(max-width: 600px) 100vw, 600px\" \/>\t\t\t\t\t\t\t\t\t\t\t\t\t\t\t<\/div>\n\t\t\t\t<\/div>\n\t\t\t\t<\/div>\n\t\t\t\t\t<\/div>\n\t\t\t\t<\/div>\n\t\t<div class=\"elementor-element elementor-element-cc4d91a e-flex e-con-boxed e-con e-parent\" data-id=\"cc4d91a\" data-element_type=\"container\">\n\t\t\t\t\t<div class=\"e-con-inner\">\n\t\t<div class=\"elementor-element elementor-element-97c4c23 e-con-full e-flex e-con e-child\" data-id=\"97c4c23\" data-element_type=\"container\">\n\t\t\t\t<div class=\"elementor-element elementor-element-a15f9bf elementor-widget elementor-widget-text-editor\" data-id=\"a15f9bf\" data-element_type=\"widget\" data-widget_type=\"text-editor.default\">\n\t\t\t\t<div class=\"elementor-widget-container\">\n\t\t\t\t\t\t\t\t\t<ul><li>Declaraciones de Impuesto sobre la Renta para Personas Naturales y Jur\u00eddicas<\/li><li>Servicios contables e impositivos<\/li><li>Registro de transacciones (ciclo contable completo)<\/li><li>Declaraci\u00f3n de ITBMS<\/li><\/ul>\t\t\t\t\t\t\t\t<\/div>\n\t\t\t\t<\/div>\n\t\t\t\t<\/div>\n\t\t<div class=\"elementor-element elementor-element-b8fb92a e-con-full e-flex e-con e-child\" data-id=\"b8fb92a\" data-element_type=\"container\">\n\t\t\t\t<div class=\"elementor-element elementor-element-f246d75 elementor-widget elementor-widget-text-editor\" data-id=\"f246d75\" data-element_type=\"widget\" data-widget_type=\"text-editor.default\">\n\t\t\t\t<div class=\"elementor-widget-container\">\n\t\t\t\t\t\t\t\t\t<ul><li>N\u00f3mina interna<\/li><li>N\u00f3mina preelaborada (SIPE)<\/li><li>Informe de pagos a terceros (Anexo 43)<\/li><li>Estados financieros para uso de la gerencia<\/li><\/ul>\t\t\t\t\t\t\t\t<\/div>\n\t\t\t\t<\/div>\n\t\t\t\t<\/div>\n\t\t\t\t\t<\/div>\n\t\t\t\t<\/div>\n\t\t<div class=\"elementor-element elementor-element-a9b3063 e-flex e-con-boxed e-con e-parent\" data-id=\"a9b3063\" data-element_type=\"container\">\n\t\t\t\t\t<div class=\"e-con-inner\">\n\t\t\t\t<div class=\"elementor-element elementor-element-0cafb8e elementor-widget elementor-widget-template\" data-id=\"0cafb8e\" data-element_type=\"widget\" data-widget_type=\"template.default\">\n\t\t\t\t<div class=\"elementor-widget-container\">\n\t\t\t\t\t\t\t<div class=\"elementor-template\">\n\t\t\t\t\t<div data-elementor-type=\"section\" data-elementor-id=\"42219\" class=\"elementor elementor-42219 elementor-42216\" data-elementor-post-type=\"elementor_library\">\n\t\t\t<div class=\"elementor-element elementor-element-127bed4 e-flex e-con-boxed e-con e-parent\" data-id=\"127bed4\" data-element_type=\"container\">\n\t\t\t\t\t<div class=\"e-con-inner\">\n\t\t\t\t<div class=\"elementor-element elementor-element-98c5a28 elementor-widget elementor-widget-heading\" data-id=\"98c5a28\" data-element_type=\"widget\" data-widget_type=\"heading.default\">\n\t\t\t\t<div class=\"elementor-widget-container\">\n\t\t\t\t\t<h2 class=\"elementor-heading-title elementor-size-default\">\u00bfPor qu\u00e9 elegirnos?<\/h2>\t\t\t\t<\/div>\n\t\t\t\t<\/div>\n\t\t\t\t\t<\/div>\n\t\t\t\t<\/div>\n\t\t<div class=\"elementor-element elementor-element-52fa7a2 e-flex e-con-boxed e-con e-parent\" data-id=\"52fa7a2\" data-element_type=\"container\">\n\t\t\t\t\t<div class=\"e-con-inner\">\n\t\t<div class=\"elementor-element elementor-element-36b7f93 e-con-full e-flex e-con e-child\" data-id=\"36b7f93\" data-element_type=\"container\">\n\t\t\t\t<div class=\"elementor-element elementor-element-b37213a elementor-widget elementor-widget-text-editor\" data-id=\"b37213a\" data-element_type=\"widget\" data-widget_type=\"text-editor.default\">\n\t\t\t\t<div class=\"elementor-widget-container\">\n\t\t\t\t\t\t\t\t\t<p><strong>Clientela Global<\/strong><\/p><p>Atendemos a clientes en Latinoam\u00e9rica, Norteam\u00e9rica, Europa y m\u00e1s all\u00e1.<\/p>\t\t\t\t\t\t\t\t<\/div>\n\t\t\t\t<\/div>\n\t\t\t\t<\/div>\n\t\t<div class=\"elementor-element elementor-element-ebca3f2 e-con-full e-flex e-con e-child\" data-id=\"ebca3f2\" data-element_type=\"container\">\n\t\t\t\t<div class=\"elementor-element elementor-element-8fc277f elementor-widget elementor-widget-text-editor\" data-id=\"8fc277f\" data-element_type=\"widget\" data-widget_type=\"text-editor.default\">\n\t\t\t\t<div class=\"elementor-widget-container\">\n\t\t\t\t\t\t\t\t\t<p><strong>Equipo Legal Experimentado<\/strong><\/p><p>Combinamos conocimiento legal con visi\u00f3n estrat\u00e9gica para ofrecer soluciones s\u00f3lidas y pr\u00e1cticas.<\/p>\t\t\t\t\t\t\t\t<\/div>\n\t\t\t\t<\/div>\n\t\t\t\t<\/div>\n\t\t<div class=\"elementor-element elementor-element-0e4c29d e-con-full e-flex e-con e-child\" data-id=\"0e4c29d\" data-element_type=\"container\">\n\t\t\t\t<div class=\"elementor-element elementor-element-81cb77b elementor-widget elementor-widget-text-editor\" data-id=\"81cb77b\" data-element_type=\"widget\" data-widget_type=\"text-editor.default\">\n\t\t\t\t<div class=\"elementor-widget-container\">\n\t\t\t\t\t\t\t\t\t<p><strong>Enfoque Centrado en el Cliente<\/strong><\/p><p>Su caso es nuestra prioridad. Escuchamos, planificamos y actuamos teniendo en cuenta sus objetivos.<\/p>\t\t\t\t\t\t\t\t<\/div>\n\t\t\t\t<\/div>\n\t\t\t\t<\/div>\n\t\t\t\t\t<\/div>\n\t\t\t\t<\/div>\n\t\t<div class=\"elementor-element elementor-element-615840e e-flex e-con-boxed e-con e-parent\" data-id=\"615840e\" data-element_type=\"container\">\n\t\t\t\t\t<div class=\"e-con-inner\">\n\t\t<div class=\"elementor-element elementor-element-268c953 e-con-full e-flex e-con e-child\" data-id=\"268c953\" data-element_type=\"container\">\n\t\t\t\t<div class=\"elementor-element elementor-element-975810c elementor-widget elementor-widget-text-editor\" data-id=\"975810c\" data-element_type=\"widget\" data-widget_type=\"text-editor.default\">\n\t\t\t\t<div class=\"elementor-widget-container\">\n\t\t\t\t\t\t\t\t\t<p><strong>Gestione F\u00e1cilmente sus Documentos en EE.UU.<\/strong><\/p><p>Nuestra oficina en Austin, Texas, se dedica a recibir documentos y correspondencia, ofreciendo mayor comodidad a nuestros clientes en Estados Unidos y otros pa\u00edses.<\/p>\t\t\t\t\t\t\t\t<\/div>\n\t\t\t\t<\/div>\n\t\t\t\t<\/div>\n\t\t<div class=\"elementor-element elementor-element-14c3225 e-con-full e-flex e-con e-child\" data-id=\"14c3225\" data-element_type=\"container\">\n\t\t\t\t<div class=\"elementor-element elementor-element-f0043b8 elementor-widget elementor-widget-text-editor\" data-id=\"f0043b8\" data-element_type=\"widget\" data-widget_type=\"text-editor.default\">\n\t\t\t\t<div class=\"elementor-widget-container\">\n\t\t\t\t\t\t\t\t\t<p><strong>Servicio Biling\u00fce<\/strong><\/p><p>Ofrecemos servicios en ingl\u00e9s y espa\u00f1ol para brindar un mejor servicio a nuestra diversa cartera de clientes.<\/p>\t\t\t\t\t\t\t\t<\/div>\n\t\t\t\t<\/div>\n\t\t\t\t<\/div>\n\t\t\t\t\t<\/div>\n\t\t\t\t<\/div>\n\t\t\t\t<\/div>\n\t\t\t\t<\/div>\n\t\t\t\t\t\t<\/div>\n\t\t\t\t<\/div>\n\t\t\t\t\t<\/div>\n\t\t\t\t<\/div>\n\t\t\t\t<\/div>\n\t\t","protected":false},"excerpt":{"rendered":"<p>Servicios de Contabilidad en Panam\u00e1 Agenda una cita gratuita de 30 minutos Declaraciones de Impuesto sobre la Renta para Personas Naturales y Jur\u00eddicas Servicios contables e impositivos Registro de transacciones (ciclo contable completo) Declaraci\u00f3n de ITBMS N\u00f3mina interna N\u00f3mina preelaborada (SIPE) Informe de pagos a terceros (Anexo 43) Estados financieros para uso de la gerencia<\/p>\n","protected":false},"author":1,"featured_media":0,"parent":0,"menu_order":0,"comment_status":"closed","ping_status":"closed","template":"","meta":{"footnotes":""},"class_list":["post-42144","page","type-page","status-publish","hentry"],"_links":{"self":[{"href":"https:\/\/ba-lawfirm.com\/es\/wp-json\/wp\/v2\/pages\/42144","targetHints":{"allow":["GET"]}}],"collection":[{"href":"https:\/\/ba-lawfirm.com\/es\/wp-json\/wp\/v2\/pages"}],"about":[{"href":"https:\/\/ba-lawfirm.com\/es\/wp-json\/wp\/v2\/types\/page"}],"author":[{"embeddable":true,"href":"https:\/\/ba-lawfirm.com\/es\/wp-json\/wp\/v2\/users\/1"}],"replies":[{"embeddable":true,"href":"https:\/\/ba-lawfirm.com\/es\/wp-json\/wp\/v2\/comments?post=42144"}],"version-history":[{"count":8,"href":"https:\/\/ba-lawfirm.com\/es\/wp-json\/wp\/v2\/pages\/42144\/revisions"}],"predecessor-version":[{"id":42270,"href":"https:\/\/ba-lawfirm.com\/es\/wp-json\/wp\/v2\/pages\/42144\/revisions\/42270"}],"wp:attachment":[{"href":"https:\/\/ba-lawfirm.com\/es\/wp-json\/wp\/v2\/media?parent=42144"}],"curies":[{"name":"wp","href":"https:\/\/api.w.org\/{rel}","templated":true}]}}